{"id":221,"date":"2020-03-21T15:28:46","date_gmt":"2020-03-21T15:28:46","guid":{"rendered":"http:\/\/hompark.themezinho.net\/?page_id=221"},"modified":"2025-09-10T10:17:56","modified_gmt":"2025-09-10T10:17:56","slug":"villa-de-luxe","status":"publish","type":"page","link":"https:\/\/revecongo.com\/en\/villa-de-luxe\/","title":{"rendered":"Luxury Villas"},"content":{"rendered":"<div class=\"wpb-content-wrapper\"><section  class=\"content-section\" ><div class=\"container\"><div class=\"vc_row wpb_row vc_row-fluid vc_custom_1748355447946\"><div class=\"wpb_column vc_column_container vc_col-sm-12\"><div class=\"vc_column-inner\"><div class=\"wpb_wrapper\"><div class=\"vc_row wpb_row vc_inner vc_row-fluid vc_custom_1748355480307\"><div class=\"wpb_column vc_column_container vc_col-sm-12\"><div class=\"vc_column-inner\"><div class=\"wpb_wrapper\"><div class=\"vc_empty_space\"   style=\"height: 30px\"><span class=\"vc_empty_space_inner\"><\/span><\/div><div class=\"section-titles    light \t\t\t   center\" >\n\t\n\t\t\n\t\n  \n    <h2><\/p>\n<p style=\"font-size: 30px; color: #91713c; font-weight: bold;\">Where architectural beauty meets the elegance of living<\/p>\n<p><\/h2>\n  \t\n\t\n\t\n\t\t\n\t\n<\/div>\n<div class=\"vc_empty_space\"   style=\"height: 55px\"><span class=\"vc_empty_space_inner\"><\/span><\/div>\n\n\n<div class=\"about-content wow fadeInUp\" >\n\t\t  <p class=\"translation-block\">Our exquisite <strong>Luxury Villas<\/strong> embody sophistication and comfort, offering an unparalleled <strong>living experience<\/strong>. Each villa features five <strong>spacious bedrooms<\/strong>, an elegantly designed living and dining area, as well as a fully equipped <strong>modern kitchen.<\/strong><\/p>\n<p class=\"translation-block\">Immerse yourself in the serenity of your own <strong>private garden<\/strong>, relax on the <strong>terrace<\/strong> with a <strong>river view<\/strong>, and enjoy the convenience of a dedicated parking space.<\/p>\n<p class=\"translation-block\">These villas are <strong>thoughtfully<\/strong> designed to blend <strong>timeless elegance<\/strong> with contemporary luxury, creating a sanctuary you\u2019ll be proud to call <strong>home<\/strong>.<\/p>\n\t\n\t\n\t\n\t\n\t\t  <\/div>\n\n\t\t<\/div><\/div><\/div><\/div><div class=\"vc_row wpb_row vc_inner vc_row-fluid vc_custom_1750242434159 vc_row-has-fill\"><div class=\"wpb_column vc_column_container vc_col-sm-12\"><div class=\"vc_column-inner\"><div class=\"wpb_wrapper\"> \n\n\n\n    \n      <div class=\"content-slider wow fadeInUp\" >\n        <div class=\"swiper-wrapper\">\n                              <div class=\"swiper-slide\" data-background=\"https:\/\/revecongo.com\/wp-content\/uploads\/2025\/05\/Villa-de-luxe_Page.jpg\">\n\t\t\t \t\t\t <div class=\"slide-inner\">\n\t\t\t\t \t\t\t\t  \t\t\t\t \t\t\t\t    <\/div>\n\t\t\t  <!-- end slide-inner -->\n\t\t\t<\/div>\n          \n                                      <div class=\"swiper-slide\" data-background=\"https:\/\/revecongo.com\/wp-content\/uploads\/2025\/05\/Villa-de-luxe_Page_2.jpg\">\n\t\t\t \t\t\t <div class=\"slide-inner\">\n\t\t\t\t \t\t\t\t  \t\t\t\t \t\t\t\t    <\/div>\n\t\t\t  <!-- end slide-inner -->\n\t\t\t<\/div>\n          \n                                      <div class=\"swiper-slide\" data-background=\"https:\/\/revecongo.com\/wp-content\/uploads\/2025\/05\/Villa-de-luxe_Page_3.jpg\">\n\t\t\t \t\t\t <div class=\"slide-inner\">\n\t\t\t\t \t\t\t\t  \t\t\t\t \t\t\t\t    <\/div>\n\t\t\t  <!-- end slide-inner -->\n\t\t\t<\/div>\n          \n                                                          <div class=\"swiper-slide\" data-background=\"https:\/\/revecongo.com\/wp-content\/uploads\/2025\/09\/FR_LUXE-1_FF_Plan-Only-scaled.jpg\">\n\t\t\t \t\t\t <div class=\"slide-inner\">\n\t\t\t\t \t\t\t\t  \t\t\t\t \t\t\t\t    <\/div>\n\t\t\t  <!-- end slide-inner -->\n\t\t\t<\/div>\n          \n                                      <div class=\"swiper-slide\" data-background=\"https:\/\/revecongo.com\/wp-content\/uploads\/2025\/09\/FR_LUX_GF_21X21cm-Type-2-1-scaled.jpg\">\n\t\t\t \t\t\t <div class=\"slide-inner\">\n\t\t\t\t \t\t\t\t  \t\t\t\t \t\t\t\t    <\/div>\n\t\t\t  <!-- end slide-inner -->\n\t\t\t<\/div>\n          \n                          <\/div>\n        <!-- end swiper-wrapper -->\n        <div class=\"swiper-button-prev\">Prev<\/div>\n        <!-- end button-prev -->\n        <div class=\"swiper-button-next\">Next<\/div>\n        <!-- end button-next --> \n\t\t   <div class=\"swiper-pagination\"><\/div>\n\t\t  <!-- end swiper-pagination -->\n      <\/div>\n      <!-- end content-slider -->\n    \n\n\n\n\n\n\n\n\n<div class=\"vc_empty_space\"   style=\"height: 15px\"><span class=\"vc_empty_space_inner\"><\/span><\/div>\n\n\n<div class=\"apartment-content\" >\n\t\t  <p style=\"text-align: center;\" class=\"translation-block\"><strong>N.B. :<\/strong> Images are for illustrative purposes only. Furniture not included. All dimensions are approximate<\/p>\n\t\n\t\n\t\n\t\n\t\t  <\/div>\n\n\t\t<div class=\"vc_empty_space\"   style=\"height: 15px\"><span class=\"vc_empty_space_inner\"><\/span><\/div><\/div><\/div><\/div><\/div><div class=\"vc_row wpb_row vc_inner vc_row-fluid vc_custom_1584806150619\"><div class=\"wpb_column vc_column_container vc_col-sm-12\"><div class=\"vc_column-inner\"><div class=\"wpb_wrapper\">\n\n\n<div class=\"about-content wow fadeInUp\" >\n\t\t  <h4>Living at R\u00eave Congo Residences<\/h4>\n<p class=\"translation-block\">Our <strong>Luxury Villas<\/strong> also offer a level of <strong>security<\/strong> and <strong>privacy<\/strong> that meets the <strong>highest expectations<\/strong>. With discreet surveillance, a <strong>secured entrance<\/strong>, and attentive staff, each resident can enjoy complete <strong>peace of mind<\/strong> in a refined and <strong>tranquil setting<\/strong>.<\/p>\n\t\n\t\n\t\n\t\n\t\t  <\/div>\n\n\t\t<\/div><\/div><\/div><\/div><div class=\"vc_row wpb_row vc_inner vc_row-fluid vc_custom_1749808848985 vc_row-has-fill\"><div class=\"wpb_column vc_column_container vc_col-sm-6\"><div class=\"vc_column-inner\"><div class=\"wpb_wrapper\">\n\n\n<div class=\"about-content wow fadeInUp\" >\n\t\t  <h5>Property Features<\/h5>\n<ul>\n<li>430 M2<\/li>\n<li>5 bedrooms with en-suite bathrooms<\/li>\n<li>Maid\u2019s room<\/li>\n<li>Kitchen and storage<\/li>\n<li>Private garden<\/li>\n<li>Terrace with stunning river views<\/li>\n<\/ul>\n\t\n\t\n\t\n\t\n\t\t  <\/div>\n\n\t\t<\/div><\/div><\/div><div class=\"wpb_column vc_column_container vc_col-sm-6\"><div class=\"vc_column-inner\"><div class=\"wpb_wrapper\">\n\n\n<div class=\"about-content wow fadeInUp\" >\n\t\t  \t\n\t\n\t\n\t\n\t\t  <\/div>\n\n\t\t<\/div><\/div><\/div><\/div><div class=\"vc_row wpb_row vc_inner vc_row-fluid vc_custom_1750242461007 vc_row-has-fill\"><div class=\"wpb_column vc_column_container vc_col-sm-12\"><div class=\"vc_column-inner\"><div class=\"wpb_wrapper\"> \n\n\n\n    \n      <div class=\"content-slider wow fadeInUp\" >\n        <div class=\"swiper-wrapper\">\n                              <div class=\"swiper-slide\" data-background=\"https:\/\/revecongo.com\/wp-content\/uploads\/2025\/05\/Villa-de-luxe_Kitchen.jpg\">\n\t\t\t \t\t\t <div class=\"slide-inner\">\n\t\t\t\t \t\t\t\t  \t\t\t\t \t\t\t\t    <\/div>\n\t\t\t  <!-- end slide-inner -->\n\t\t\t<\/div>\n          \n                                      <div class=\"swiper-slide\" data-background=\"https:\/\/revecongo.com\/wp-content\/uploads\/2025\/05\/Villa-de-luxe_Bedroom.jpg\">\n\t\t\t \t\t\t <div class=\"slide-inner\">\n\t\t\t\t \t\t\t\t  \t\t\t\t \t\t\t\t    <\/div>\n\t\t\t  <!-- end slide-inner -->\n\t\t\t<\/div>\n          \n                                      <div class=\"swiper-slide\" data-background=\"https:\/\/revecongo.com\/wp-content\/uploads\/2025\/05\/Villa-de-luxe_Page_Bathroom.jpg\">\n\t\t\t \t\t\t <div class=\"slide-inner\">\n\t\t\t\t \t\t\t\t  \t\t\t\t \t\t\t\t    <\/div>\n\t\t\t  <!-- end slide-inner -->\n\t\t\t<\/div>\n          \n                                              <\/div>\n        <!-- end swiper-wrapper -->\n        <div class=\"swiper-button-prev\">Prev<\/div>\n        <!-- end button-prev -->\n        <div class=\"swiper-button-next\">Next<\/div>\n        <!-- end button-next --> \n\t\t   <div class=\"swiper-pagination\"><\/div>\n\t\t  <!-- end swiper-pagination -->\n      <\/div>\n      <!-- end content-slider -->\n    \n\n\n\n\n\n\n\n\n<div class=\"vc_empty_space\"   style=\"height: 15px\"><span class=\"vc_empty_space_inner\"><\/span><\/div>\n\n\n<div class=\"apartment-content\" >\n\t\t  <p style=\"text-align: center;\" class=\"translation-block\"><strong>N.B. :<\/strong> Images are for illustrative purposes only. Furniture not included.<\/p>\n\t\n\t\n\t\n\t\n\t\t  <\/div>\n\n\t\t<div class=\"vc_empty_space\"   style=\"height: 15px\"><span class=\"vc_empty_space_inner\"><\/span><\/div><\/div><\/div><\/div><\/div><div class=\"vc_row wpb_row vc_inner vc_row-fluid\"><div class=\"wpb_column vc_column_container vc_col-sm-12\"><div class=\"vc_column-inner\"><div class=\"wpb_wrapper\">\n\n\n<div class=\"about-content wow fadeInUp\" >\n\t\t  <p>Inside, premium materials, refined finishes, and custom-made furnishings elevate every space. The harmony between functionality and aesthetics ensures a living experience that is both practical and luxurious \u2014 perfect for hosting family, friends, or enjoying peaceful moments in complete privacy.<\/p>\n\t\n\t\n\t\n\t\n\t\t  <\/div>\n\n\t\t<\/div><\/div><\/div><\/div><\/div><\/div><\/div><\/div><\/div><\/section>\n<\/div>","protected":false},"excerpt":{"rendered":"L\u00e0 o\u00f9 la beaut\u00e9 de l\u2019architecture rencontre l\u2019\u00e9l\u00e9gance de vivre Nos Villas de Luxe exquises sont l'incarnation de la sophistication et du confort, offrant une exp\u00e9rience de vie sans pareille. Chaque villa se distingue par cinq chambres spacieuses, un salon et salle \u00e0 manger \u00e9l\u00e9gamment con\u00e7us, ainsi qu'une cuisine moderne \u00e9quip\u00e9e. Plongez dans la s\u00e9r\u00e9nit\u00e9 [...]","protected":false},"author":1,"featured_media":0,"parent":0,"menu_order":0,"comment_status":"closed","ping_status":"closed","template":"page-portfolio.php","meta":{"footnotes":""},"class_list":["post-221","page","type-page","status-publish","hentry"],"acf":[],"_links":{"self":[{"href":"https:\/\/revecongo.com\/en\/wp-json\/wp\/v2\/pages\/221","targetHints":{"allow":["GET"]}}],"collection":[{"href":"https:\/\/revecongo.com\/en\/wp-json\/wp\/v2\/pages"}],"about":[{"href":"https:\/\/revecongo.com\/en\/wp-json\/wp\/v2\/types\/page"}],"author":[{"embeddable":true,"href":"https:\/\/revecongo.com\/en\/wp-json\/wp\/v2\/users\/1"}],"replies":[{"embeddable":true,"href":"https:\/\/revecongo.com\/en\/wp-json\/wp\/v2\/comments?post=221"}],"version-history":[{"count":35,"href":"https:\/\/revecongo.com\/en\/wp-json\/wp\/v2\/pages\/221\/revisions"}],"predecessor-version":[{"id":1833,"href":"https:\/\/revecongo.com\/en\/wp-json\/wp\/v2\/pages\/221\/revisions\/1833"}],"wp:attachment":[{"href":"https:\/\/revecongo.com\/en\/wp-json\/wp\/v2\/media?parent=221"}],"curies":[{"name":"wp","href":"https:\/\/api.w.org\/{rel}","templated":true}]}}