{"id":241,"date":"2020-03-21T16:09:39","date_gmt":"2020-03-21T16:09:39","guid":{"rendered":"http:\/\/hompark.themezinho.net\/?page_id=241"},"modified":"2025-09-06T10:01:55","modified_gmt":"2025-09-06T10:01:55","slug":"villas-superieures","status":"publish","type":"page","link":"https:\/\/revecongo.com\/en\/villas-superieures\/","title":{"rendered":"Superior Villas"},"content":{"rendered":"<div class=\"wpb-content-wrapper\"><section  class=\"content-section\" ><div class=\"container\"><div class=\"vc_row wpb_row vc_row-fluid vc_custom_1749902131528\"><div class=\"wpb_column vc_column_container vc_col-sm-12\"><div class=\"vc_column-inner\"><div class=\"wpb_wrapper\"><div class=\"vc_row wpb_row vc_inner vc_row-fluid vc_custom_1748354983270\"><div class=\"wpb_column vc_column_container vc_col-sm-12 vc_hidden-sm vc_hidden-xs\"><div class=\"vc_column-inner vc_custom_1749901735534\"><div class=\"wpb_wrapper\"><div class=\"section-titles    light \t\t\t   center\" >\n\t\n\t\t\n\t\n  \n    <h2><\/p>\n<p style=\"font-size: 30px; color: #91713c; font-weight: bold;\">A genuine sanctuary of tranquility and family joy<\/p>\n<p><\/h2>\n  \t\n\t\n\t\n\t\t\n\t\n<\/div>\n<div class=\"vc_empty_space\"   style=\"height: 55px\"><span class=\"vc_empty_space_inner\"><\/span><\/div>\n\n\n<div class=\"about-content wow fadeInUp\" >\n\t\t  <p data-start=\"108\" data-end=\"501\" class=\"translation-block\">Discover the essence of elegance with our <strong>Superior Villas<\/strong>, where timeless design and modern luxury come together to create an exceptional living space<\/p>\n<p data-start=\"503\" data-end=\"755\" data-is-last-node=\"\" data-is-only-node=\"\" class=\"translation-block\">The large <strong>floor-to-ceiling windows<\/strong> flood the spaces with <strong>natural light<\/strong> and frame <strong>stunning views<\/strong> of the surrounding nature. As a highlight, a <strong>private terrace<\/strong> invites you to relax in a <strong>peaceful<\/strong> and <strong>majestic setting<\/strong>.<\/p>\n<p data-start=\"62\" data-end=\"226\" class=\"translation-block\">Each villa embodies a perfect balance between <strong>refined modernity<\/strong> and <strong>timeless elegance<\/strong>. Far more than just a place to live, it is a true mark of prestige.<\/p>\n<p data-start=\"228\" data-end=\"280\" data-is-last-node=\"\" data-is-only-node=\"\" class=\"translation-block\">Experience excellence every day. <strong>Welcome home<\/strong>.<\/p>\n\t\n\t\n\t\n\t\n\t\t  <\/div>\n\n\t\t<\/div><\/div><\/div><\/div><div class=\"vc_row wpb_row vc_inner vc_row-fluid vc_custom_1749825235557\"><div class=\"wpb_column vc_column_container vc_col-sm-12 vc_hidden-lg vc_hidden-md\"><div class=\"vc_column-inner\"><div class=\"wpb_wrapper\"><div class=\"vc_empty_space\"   style=\"height: 25px\"><span class=\"vc_empty_space_inner\"><\/span><\/div><div class=\"section-titles    light \t\t\t   center\" >\n\t\n\t\t\n\t\n  \n    <h2><\/p>\n<p style=\"font-size: 30px; color: #91713c; font-weight: bold;\">A genuine sanctuary of tranquility and family joy<\/p>\n<p><\/h2>\n  \t\n\t\n\t\n\t\t\n\t\n<\/div>\n<div class=\"vc_empty_space\" id=\"Separateur\"  style=\"height: 30px\"><span class=\"vc_empty_space_inner\"><\/span><\/div>\n\n\n<div class=\"about-content wow fadeInUp\" >\n\t\t  <p data-start=\"108\" data-end=\"501\" class=\"translation-block\">Discover the essence of elegance with our <strong>Superior Villas<\/strong>, where timeless design and modern luxury come together to create an exceptional living space<\/p>\n<p data-start=\"503\" data-end=\"755\" data-is-last-node=\"\" data-is-only-node=\"\" class=\"translation-block\">The large <strong>floor-to-ceiling windows<\/strong> flood the spaces with <strong>natural light<\/strong> and frame <strong>stunning views<\/strong> of the surrounding nature. As a highlight, a <strong>private terrace<\/strong> invites you to relax in a <strong>peaceful<\/strong> and <strong>majestic setting<\/strong>.<\/p>\n<p data-start=\"62\" data-end=\"226\" class=\"translation-block\">Each villa embodies a perfect balance between <strong>refined modernity<\/strong> and <strong>timeless elegance<\/strong>. Far more than just a place to live, it is a true mark of prestige.<\/p>\n<p data-start=\"228\" data-end=\"280\" data-is-last-node=\"\" data-is-only-node=\"\" class=\"translation-block\">Experience excellence every day. <strong>Welcome home<\/strong>.<\/p>\n\t\n\t\n\t\n\t\n\t\t  <\/div>\n\n\t\t<\/div><\/div><\/div><\/div><div class=\"vc_row wpb_row vc_inner vc_row-fluid vc_custom_1750082391060 vc_row-has-fill\"><div class=\"wpb_column vc_column_container vc_col-sm-12\"><div class=\"vc_column-inner\"><div class=\"wpb_wrapper\"> \n\n\n\n    \n      <div class=\"content-slider wow fadeInUp\" >\n        <div class=\"swiper-wrapper\">\n                              <div class=\"swiper-slide\" data-background=\"https:\/\/revecongo.com\/wp-content\/uploads\/2025\/05\/Villa-Superieure_Page.jpg\">\n\t\t\t \t\t\t <div class=\"slide-inner\">\n\t\t\t\t \t\t\t\t  \t\t\t\t \t\t\t\t    <\/div>\n\t\t\t  <!-- end slide-inner -->\n\t\t\t<\/div>\n          \n                                      <div class=\"swiper-slide\" data-background=\"https:\/\/revecongo.com\/wp-content\/uploads\/2025\/05\/Villa-Superieure_Page2.jpg\">\n\t\t\t \t\t\t <div class=\"slide-inner\">\n\t\t\t\t \t\t\t\t  \t\t\t\t \t\t\t\t    <\/div>\n\t\t\t  <!-- end slide-inner -->\n\t\t\t<\/div>\n          \n                                      <div class=\"swiper-slide\" data-background=\"https:\/\/revecongo.com\/wp-content\/uploads\/2025\/05\/Villa-Superieure_Page3.jpg\">\n\t\t\t \t\t\t <div class=\"slide-inner\">\n\t\t\t\t \t\t\t\t  \t\t\t\t \t\t\t\t    <\/div>\n\t\t\t  <!-- end slide-inner -->\n\t\t\t<\/div>\n          \n                                      <div class=\"swiper-slide\" data-background=\"https:\/\/revecongo.com\/wp-content\/uploads\/2025\/09\/FR_SUP_GF_Plan-Only-scaled.jpg\">\n\t\t\t \t\t\t <div class=\"slide-inner\">\n\t\t\t\t \t\t\t\t  \t\t\t\t \t\t\t\t    <\/div>\n\t\t\t  <!-- end slide-inner -->\n\t\t\t<\/div>\n          \n                                      <div class=\"swiper-slide\" data-background=\"https:\/\/revecongo.com\/wp-content\/uploads\/2025\/09\/FR_SUP_FF-Plan-Only-scaled.jpg\">\n\t\t\t \t\t\t <div class=\"slide-inner\">\n\t\t\t\t \t\t\t\t  \t\t\t\t \t\t\t\t    <\/div>\n\t\t\t  <!-- end slide-inner -->\n\t\t\t<\/div>\n          \n                          <\/div>\n        <!-- end swiper-wrapper -->\n        <div class=\"swiper-button-prev\">Pr\u00e9c\u00e9dent<\/div>\n        <!-- end button-prev -->\n        <div class=\"swiper-button-next\">Suivant<\/div>\n        <!-- end button-next --> \n\t\t   <div class=\"swiper-pagination\"><\/div>\n\t\t  <!-- end swiper-pagination -->\n      <\/div>\n      <!-- end content-slider -->\n    \n\n\n\n\n\n\n\n\n<div class=\"vc_empty_space\"   style=\"height: 15px\"><span class=\"vc_empty_space_inner\"><\/span><\/div>\n\n\n<div class=\"apartment-content\" >\n\t\t  <p style=\"text-align: center;\" class=\"translation-block\"><strong>N.B. :<\/strong> Images are for illustrative purposes only. Furniture not included. All dimensions are approximate<\/p>\n\t\n\t\n\t\n\t\n\t\t  <\/div>\n\n\t\t<div class=\"vc_empty_space\"   style=\"height: 15px\"><span class=\"vc_empty_space_inner\"><\/span><\/div><\/div><\/div><\/div><\/div><div class=\"vc_row wpb_row vc_inner vc_row-fluid vc_custom_1584806150619\"><div class=\"wpb_column vc_column_container vc_col-sm-12\"><div class=\"vc_column-inner\"><div class=\"wpb_wrapper\">\n\n\n<div class=\"about-content wow fadeInUp\" >\n\t\t  <h4>High-End Comfort<\/h4>\n<p class=\"translation-block\">In this magnificent <strong>R\u00eave Congo<\/strong> villa, elegance and comfort intertwine to create a <strong>warm<\/strong> and <strong>refined<\/strong> living space. A palette of neutral tones enhanced with vibrant accents, thoughtfully designed lighting, and high-quality materials make this living room a true <strong>haven of peace<\/strong>.<\/p>\n\t\n\t\n\t\n\t\n\t\t  <\/div>\n\n\t\t<\/div><\/div><\/div><\/div><div class=\"vc_row wpb_row vc_inner vc_row-fluid vc_custom_1584806158368\"><div class=\"wpb_column vc_column_container vc_col-sm-6\"><div class=\"vc_column-inner\"><div class=\"wpb_wrapper\">\n\n\n<div class=\"about-content wow fadeInUp\" >\n\t\t  <h5>Property Features<\/h5>\n<ul>\n<li>585 SQM<\/li>\n<li>5 bedrooms with en-suite bathrooms<\/li>\n<li>Maid\u2019s room<\/li>\n<li>Driver's bedroom<\/li>\n<li>Kitchen and storage<\/li>\n<li>Private garden<\/li>\n<li>Terrace with stunning river views<\/li>\n<li>Central AC<\/li>\n<li>Optional pool<\/li>\n<\/ul>\n\t\n\t\n\t\n\t\n\t\t  <\/div>\n\n\t\t<\/div><\/div><\/div><div class=\"wpb_column vc_column_container vc_col-sm-6\"><div class=\"vc_column-inner\"><div class=\"wpb_wrapper\">\n\n\n<div class=\"about-content wow fadeInUp\" >\n\t\t  \t\n\t\n\t\n\t\n\t\t  <\/div>\n\n\t\t<\/div><\/div><\/div><\/div><div class=\"vc_row wpb_row vc_inner vc_row-fluid vc_custom_1750082820590 vc_row-has-fill\"><div class=\"wpb_column vc_column_container vc_col-sm-12\"><div class=\"vc_column-inner\"><div class=\"wpb_wrapper\"> \n\n\n\n    \n      <div class=\"content-slider wow fadeInUp\" >\n        <div class=\"swiper-wrapper\">\n                              <div class=\"swiper-slide\" data-background=\"https:\/\/revecongo.com\/wp-content\/uploads\/2025\/05\/Villa-Superieure_Page_Kitchen.jpg\">\n\t\t\t \t\t\t <div class=\"slide-inner\">\n\t\t\t\t \t\t\t\t  \t\t\t\t \t\t\t\t    <\/div>\n\t\t\t  <!-- end slide-inner -->\n\t\t\t<\/div>\n          \n                                      <div class=\"swiper-slide\" data-background=\"https:\/\/revecongo.com\/wp-content\/uploads\/2025\/05\/Villa-Superieure_Page_Bedroom.jpg\">\n\t\t\t \t\t\t <div class=\"slide-inner\">\n\t\t\t\t \t\t\t\t  \t\t\t\t \t\t\t\t    <\/div>\n\t\t\t  <!-- end slide-inner -->\n\t\t\t<\/div>\n          \n                                      <div class=\"swiper-slide\" data-background=\"https:\/\/revecongo.com\/wp-content\/uploads\/2025\/05\/Villa-Superieure_Page_Bathroom.jpg\">\n\t\t\t \t\t\t <div class=\"slide-inner\">\n\t\t\t\t \t\t\t\t  \t\t\t\t \t\t\t\t    <\/div>\n\t\t\t  <!-- end slide-inner -->\n\t\t\t<\/div>\n          \n                          <\/div>\n        <!-- end swiper-wrapper -->\n        <div class=\"swiper-button-prev\">Pr\u00e9c\u00e9dent<\/div>\n        <!-- end button-prev -->\n        <div class=\"swiper-button-next\">Suivant<\/div>\n        <!-- end button-next --> \n\t\t   <div class=\"swiper-pagination\"><\/div>\n\t\t  <!-- end swiper-pagination -->\n      <\/div>\n      <!-- end content-slider -->\n    \n\n\n\n\n\n\n\n\n<div class=\"vc_empty_space\"   style=\"height: 15px\"><span class=\"vc_empty_space_inner\"><\/span><\/div>\n\n\n<div class=\"apartment-content\" >\n\t\t  <p style=\"text-align: center;\" class=\"translation-block\"><strong>N.B. :<\/strong> Images are for illustrative purposes only. Furniture not included.<\/p>\n\t\n\t\n\t\n\t\n\t\t  <\/div>\n\n\t\t<div class=\"vc_empty_space\"   style=\"height: 15px\"><span class=\"vc_empty_space_inner\"><\/span><\/div><\/div><\/div><\/div><\/div><div class=\"vc_row wpb_row vc_inner vc_row-fluid\"><div class=\"wpb_column vc_column_container vc_col-sm-12\"><div class=\"vc_column-inner\"><div class=\"wpb_wrapper\">\n\n\n<div class=\"about-content wow fadeInUp\" >\n\t\t  <p class=\"translation-block\">The Superior Villas also incorporate discreet yet high-performance technologies designed to enhance your daily life. <strong>Centralized air conditioning<\/strong> and enhanced sound insulation ensure optimal comfort in every season, while maintaining the <strong>aesthetic harmony<\/strong> of each room<\/p>\n\t\n\t\n\t\n\t\n\t\t  <\/div>\n\n\t\t<\/div><\/div><\/div><\/div><\/div><\/div><\/div><\/div><\/div><\/section>\n<\/div>","protected":false},"excerpt":{"rendered":"Un v\u00e9ritable havre de paix et de bonheur familial D\u00e9couvrez l\u2019essence de l\u2019\u00e9l\u00e9gance avec nos Villas Sup\u00e9rieures, o\u00f9 design intemporel et luxe moderne se rencontrent pour cr\u00e9er un lieu de vie d\u2019exception. Les larges baies vitr\u00e9es inondent les espaces de lumi\u00e8re naturelle et encadrent des vues superbes sur la nature environnante. En point d\u2019orgue, une [...]","protected":false},"author":1,"featured_media":0,"parent":0,"menu_order":0,"comment_status":"closed","ping_status":"closed","template":"page-portfolio.php","meta":{"footnotes":""},"class_list":["post-241","page","type-page","status-publish","hentry"],"acf":[],"_links":{"self":[{"href":"https:\/\/revecongo.com\/en\/wp-json\/wp\/v2\/pages\/241","targetHints":{"allow":["GET"]}}],"collection":[{"href":"https:\/\/revecongo.com\/en\/wp-json\/wp\/v2\/pages"}],"about":[{"href":"https:\/\/revecongo.com\/en\/wp-json\/wp\/v2\/types\/page"}],"author":[{"embeddable":true,"href":"https:\/\/revecongo.com\/en\/wp-json\/wp\/v2\/users\/1"}],"replies":[{"embeddable":true,"href":"https:\/\/revecongo.com\/en\/wp-json\/wp\/v2\/comments?post=241"}],"version-history":[{"count":76,"href":"https:\/\/revecongo.com\/en\/wp-json\/wp\/v2\/pages\/241\/revisions"}],"predecessor-version":[{"id":1810,"href":"https:\/\/revecongo.com\/en\/wp-json\/wp\/v2\/pages\/241\/revisions\/1810"}],"wp:attachment":[{"href":"https:\/\/revecongo.com\/en\/wp-json\/wp\/v2\/media?parent=241"}],"curies":[{"name":"wp","href":"https:\/\/api.w.org\/{rel}","templated":true}]}}