{"id":244,"date":"2020-03-21T16:11:47","date_gmt":"2020-03-21T16:11:47","guid":{"rendered":"http:\/\/hompark.themezinho.net\/?page_id=244"},"modified":"2025-09-06T10:03:00","modified_gmt":"2025-09-06T10:03:00","slug":"appartements-de-luxe","status":"publish","type":"page","link":"https:\/\/revecongo.com\/en\/appartements-de-luxe\/","title":{"rendered":"Luxury Apartments"},"content":{"rendered":"<div class=\"wpb-content-wrapper\"><section  class=\"content-section\" ><div class=\"container\"><div class=\"vc_row wpb_row vc_row-fluid vc_custom_1748356383139\"><div class=\"wpb_column vc_column_container vc_col-sm-12\"><div class=\"vc_column-inner\"><div class=\"wpb_wrapper\"><div class=\"vc_row wpb_row vc_inner vc_row-fluid vc_custom_1748356404619\"><div class=\"wpb_column vc_column_container vc_col-sm-12 vc_hidden-sm vc_hidden-xs\"><div class=\"vc_column-inner\"><div class=\"wpb_wrapper\"><div class=\"section-titles    light \t\t\t   center\" >\n\t\n\t\t\n\t\n  \n    <h2><\/p>\n<p style=\"font-size: 30px; color: #91713c; font-weight: bold;\" class=\"translation-block\">Graceful light fills refined spaces, <br>setting the tone for days of serenity and splendor.<\/p>\n<p><\/h2>\n  \t\n\t\n\t\n\t\t\n\t\n<\/div>\n<div class=\"vc_empty_space\"   style=\"height: 55px\"><span class=\"vc_empty_space_inner\"><\/span><\/div>\n\n\n<div class=\"about-content wow fadeInUp\" >\n\t\t  <p data-start=\"70\" data-end=\"304\" class=\"translation-block\">Imagine waking up each morning in a <strong>spacious setting<\/strong>, surrounded by <strong>modern comfort<\/strong> and <strong>stunning views<\/strong>. Our <strong>350 m\u00b2 Luxury Apartments<\/strong> combine <strong>generous volume<\/strong>, serenity, and <strong>natural light<\/strong> to create a warm and <strong>peaceful<\/strong> atmosphere<\/p>\n<p data-start=\"306\" data-end=\"552\" class=\"translation-block\">Each residence features three <strong>spacious bedrooms<\/strong>, ideal for families or those who appreciate generous living space. With only <strong>two apartments per floor<\/strong> across six levels, you enjoy <strong>rare privacy<\/strong> while maintaining a sense of <strong>discreet community<\/strong>.<\/p>\n\t\n\t\n\t\n\t\n\t\t  <\/div>\n\n\t\t<\/div><\/div><\/div><\/div><div class=\"vc_row wpb_row vc_inner vc_row-fluid vc_custom_1749826367196\"><div class=\"wpb_column vc_column_container vc_col-sm-12 vc_hidden-lg vc_hidden-md\"><div class=\"vc_column-inner\"><div class=\"wpb_wrapper\"><div class=\"section-titles    light \t\t\t   center\" >\n\t\n\t\t\n\t\n  \n    <h2><\/p>\n<p style=\"font-size: 30px; color: #91713c; font-weight: bold;\" class=\"translation-block\">Graceful light fills refined spaces, <br>setting the tone for days of serenity and splendor.<\/p>\n<p><\/h2>\n  \t\n\t\n\t\n\t\t\n\t\n<\/div>\n<div class=\"vc_empty_space\"   style=\"height: 55px\"><span class=\"vc_empty_space_inner\"><\/span><\/div>\n\n\n<div class=\"about-content wow fadeInUp\" >\n\t\t  <p data-start=\"70\" data-end=\"304\" class=\"translation-block\">Imagine waking up each morning in a <strong>spacious setting<\/strong>, surrounded by <strong>modern comfort<\/strong> and <strong>stunning views<\/strong>. Our <strong>350 m\u00b2 Luxury Apartments<\/strong> combine <strong>generous volume<\/strong>, serenity, and <strong>natural light<\/strong> to create a warm and <strong>peaceful<\/strong> atmosphere<\/p>\n<p data-start=\"306\" data-end=\"552\" class=\"translation-block\">Each residence features three <strong>spacious bedrooms<\/strong>, ideal for families or those who appreciate generous living space. With only <strong>two apartments per floor<\/strong> across six levels, you enjoy <strong>rare privacy<\/strong> while maintaining a sense of <strong>discreet community<\/strong>.<\/p>\n\t\n\t\n\t\n\t\n\t\t  <\/div>\n\n\t\t<\/div><\/div><\/div><\/div><div class=\"vc_row wpb_row vc_inner vc_row-fluid vc_custom_1750082071752 vc_row-has-fill\"><div class=\"wpb_column vc_column_container vc_col-sm-12\"><div class=\"vc_column-inner\"><div class=\"wpb_wrapper\"> \n\n\n\n    \n      <div class=\"content-slider wow fadeInUp\" >\n        <div class=\"swiper-wrapper\">\n                              <div class=\"swiper-slide\" data-background=\"https:\/\/revecongo.com\/wp-content\/uploads\/2025\/05\/Appartement-de-Luxe_Page-1.jpg\">\n\t\t\t \t\t\t <div class=\"slide-inner\">\n\t\t\t\t \t\t\t\t  \t\t\t\t \t\t\t\t    <\/div>\n\t\t\t  <!-- end slide-inner -->\n\t\t\t<\/div>\n          \n                                      <div class=\"swiper-slide\" data-background=\"https:\/\/revecongo.com\/wp-content\/uploads\/2025\/05\/Appartement-de-Luxe_replace-1.jpg\">\n\t\t\t \t\t\t <div class=\"slide-inner\">\n\t\t\t\t \t\t\t\t  \t\t\t\t \t\t\t\t    <\/div>\n\t\t\t  <!-- end slide-inner -->\n\t\t\t<\/div>\n          \n                                      <div class=\"swiper-slide\" data-background=\"https:\/\/revecongo.com\/wp-content\/uploads\/2025\/05\/Appartement-de-Luxe_Dining-room-1.jpg\">\n\t\t\t \t\t\t <div class=\"slide-inner\">\n\t\t\t\t \t\t\t\t  \t\t\t\t \t\t\t\t    <\/div>\n\t\t\t  <!-- end slide-inner -->\n\t\t\t<\/div>\n          \n                                      <div class=\"swiper-slide\" data-background=\"https:\/\/revecongo.com\/wp-content\/uploads\/2025\/05\/Appartement-de-Luxe_Page-3.jpg\">\n\t\t\t \t\t\t <div class=\"slide-inner\">\n\t\t\t\t \t\t\t\t  \t\t\t\t \t\t\t\t    <\/div>\n\t\t\t  <!-- end slide-inner -->\n\t\t\t<\/div>\n          \n                                      <div class=\"swiper-slide\" data-background=\"https:\/\/revecongo.com\/wp-content\/uploads\/2025\/05\/Apartment-GF-PLAN.jpg\">\n\t\t\t \t\t\t <div class=\"slide-inner\">\n\t\t\t\t \t\t\t\t  \t\t\t\t \t\t\t\t    <\/div>\n\t\t\t  <!-- end slide-inner -->\n\t\t\t<\/div>\n          \n                                      <div class=\"swiper-slide\" data-background=\"https:\/\/revecongo.com\/wp-content\/uploads\/2025\/05\/Apartment-1-appartment-PLAN.jpg\">\n\t\t\t \t\t\t <div class=\"slide-inner\">\n\t\t\t\t \t\t\t\t  \t\t\t\t \t\t\t\t    <\/div>\n\t\t\t  <!-- end slide-inner -->\n\t\t\t<\/div>\n          \n                          <\/div>\n        <!-- end swiper-wrapper -->\n        <div class=\"swiper-button-prev\">Pr\u00e9c\u00e9dent<\/div>\n        <!-- end button-prev -->\n        <div class=\"swiper-button-next\">Suivant<\/div>\n        <!-- end button-next --> \n\t\t   <div class=\"swiper-pagination\"><\/div>\n\t\t  <!-- end swiper-pagination -->\n      <\/div>\n      <!-- end content-slider -->\n    \n\n\n\n\n\n\n\n\n<div class=\"vc_empty_space\"   style=\"height: 15px\"><span class=\"vc_empty_space_inner\"><\/span><\/div>\n\n\n<div class=\"apartment-content wow fadeInUp\" data-wow-delay=\"0.05s\">\n\t\t  <p style=\"text-align: center;\" class=\"translation-block\"><strong>N.B. :<\/strong> Images are for illustrative purposes only. Furniture not included. All dimensions are approximate<\/p>\n\t\n\t\n\t\n\t\n\t\t  <\/div>\n\n\t\t<div class=\"vc_empty_space\"   style=\"height: 15px\"><span class=\"vc_empty_space_inner\"><\/span><\/div><\/div><\/div><\/div><\/div><div class=\"vc_row wpb_row vc_inner vc_row-fluid vc_custom_1584806150619\"><div class=\"wpb_column vc_column_container vc_col-sm-12\"><div class=\"vc_column-inner\"><div class=\"wpb_wrapper\">\n\n\n<div class=\"about-content wow fadeInUp\" >\n\t\t  <h4>More than an apartment.<\/h4>\n<p class=\"translation-block\">Every aspect of these luxurious apartments has been carefully designed to create a truly exceptional living experience. From their <strong>breathtaking views<\/strong> to their <strong>elegant design<\/strong>, they are more than just homes \u2013 they are personal sanctuaries crafted to enrich your life <strong>every day<\/strong>.<\/p>\n\t\n\t\n\t\n\t\n\t\t  <\/div>\n\n\t\t<\/div><\/div><\/div><\/div><div class=\"vc_row wpb_row vc_inner vc_row-fluid vc_custom_1584806158368\"><div class=\"wpb_column vc_column_container vc_col-sm-6\"><div class=\"vc_column-inner\"><div class=\"wpb_wrapper\">\n\n\n<div class=\"about-content wow fadeInUp\" >\n\t\t  <h5>Property Features<\/h5>\n<ul>\n<li>350 SQM<\/li>\n<li>3 Bedrooms with en-suite bathrooms<\/li>\n<li>Maid\u2019s room<\/li>\n<li>Kitchen<\/li>\n<li>Balcony<\/li>\n<\/ul>\n\t\n\t\n\t\n\t\n\t\t  <\/div>\n\n\t\t<\/div><\/div><\/div><div class=\"wpb_column vc_column_container vc_col-sm-6\"><div class=\"vc_column-inner\"><div class=\"wpb_wrapper\">\n\n\n<div class=\"about-content wow fadeInUp\" >\n\t\t  \t\n\t\n\t\n\t\n\t\t  <\/div>\n\n\t\t<\/div><\/div><\/div><\/div><div class=\"vc_row wpb_row vc_inner vc_row-fluid vc_custom_1750083034530 vc_row-has-fill\"><div class=\"wpb_column vc_column_container vc_col-sm-12\"><div class=\"vc_column-inner\"><div class=\"wpb_wrapper\"> \n\n\n\n    \n      <div class=\"content-slider wow fadeInUp\" >\n        <div class=\"swiper-wrapper\">\n                              <div class=\"swiper-slide\" data-background=\"https:\/\/revecongo.com\/wp-content\/uploads\/2025\/05\/Appartement-de-Luxe_Kitchen.jpg\">\n\t\t\t \t\t\t <div class=\"slide-inner\">\n\t\t\t\t \t\t\t\t  \t\t\t\t \t\t\t\t    <\/div>\n\t\t\t  <!-- end slide-inner -->\n\t\t\t<\/div>\n          \n                                      <div class=\"swiper-slide\" data-background=\"https:\/\/revecongo.com\/wp-content\/uploads\/2025\/05\/Appartement-de-Luxe_Bedroom.jpg\">\n\t\t\t \t\t\t <div class=\"slide-inner\">\n\t\t\t\t \t\t\t\t  \t\t\t\t \t\t\t\t    <\/div>\n\t\t\t  <!-- end slide-inner -->\n\t\t\t<\/div>\n          \n                                      <div class=\"swiper-slide\" data-background=\"https:\/\/revecongo.com\/wp-content\/uploads\/2025\/05\/Appartement-de-Luxe_Bathroom.jpg\">\n\t\t\t \t\t\t <div class=\"slide-inner\">\n\t\t\t\t \t\t\t\t  \t\t\t\t \t\t\t\t    <\/div>\n\t\t\t  <!-- end slide-inner -->\n\t\t\t<\/div>\n          \n                          <\/div>\n        <!-- end swiper-wrapper -->\n        <div class=\"swiper-button-prev\">Pr\u00e9c\u00e9dent<\/div>\n        <!-- end button-prev -->\n        <div class=\"swiper-button-next\">Suivant<\/div>\n        <!-- end button-next --> \n\t\t   <div class=\"swiper-pagination\"><\/div>\n\t\t  <!-- end swiper-pagination -->\n      <\/div>\n      <!-- end content-slider -->\n    \n\n\n\n\n\n\n\n\n<div class=\"vc_empty_space\"   style=\"height: 15px\"><span class=\"vc_empty_space_inner\"><\/span><\/div>\n\n\n<div class=\"apartment-content\" >\n\t\t  <p style=\"text-align: center;\" class=\"translation-block\"><strong>N.B. :<\/strong> Images are for illustrative purposes only. Furniture not included.<\/p>\n\t\n\t\n\t\n\t\n\t\t  <\/div>\n\n\t\t<div class=\"vc_empty_space\"   style=\"height: 15px\"><span class=\"vc_empty_space_inner\"><\/span><\/div><\/div><\/div><\/div><\/div><div class=\"vc_row wpb_row vc_inner vc_row-fluid\"><div class=\"wpb_column vc_column_container vc_col-sm-12\"><div class=\"vc_column-inner\"><div class=\"wpb_wrapper\">\n\n\n<div class=\"about-content wow fadeInUp\" >\n\t\t  <p class=\"translation-block\">As a highlight, a <strong>rooftop terrace<\/strong> offers you panoramic views. Perfect for relaxing or entertaining, this unique space <strong>enhances every<\/strong> moment of life.<\/p>\n\t\n\t\n\t\n\t\n\t\t  <\/div>\n\n\t\t<\/div><\/div><\/div><\/div><\/div><\/div><\/div><\/div><\/div><\/section>\n<\/div>","protected":false},"excerpt":{"rendered":"L\u00e0 o\u00f9 la lumi\u00e8re danse sur des espaces \u00e9l\u00e9gants, chaque jour commence avec calme et grandeur Imaginez-vous r\u00e9veiller chaque matin dans un espace g\u00e9n\u00e9reux, entour\u00e9 de confort moderne et de vues sublimes. Nos Appartements de Luxe de 350 m\u00b2 allient volume, s\u00e9r\u00e9nit\u00e9 et lumi\u00e8re naturelle pour une ambiance accueillante et paisible. Chaque logement comprend trois [...]","protected":false},"author":1,"featured_media":0,"parent":0,"menu_order":0,"comment_status":"closed","ping_status":"closed","template":"page-portfolio.php","meta":{"footnotes":""},"class_list":["post-244","page","type-page","status-publish","hentry"],"acf":[],"_links":{"self":[{"href":"https:\/\/revecongo.com\/en\/wp-json\/wp\/v2\/pages\/244","targetHints":{"allow":["GET"]}}],"collection":[{"href":"https:\/\/revecongo.com\/en\/wp-json\/wp\/v2\/pages"}],"about":[{"href":"https:\/\/revecongo.com\/en\/wp-json\/wp\/v2\/types\/page"}],"author":[{"embeddable":true,"href":"https:\/\/revecongo.com\/en\/wp-json\/wp\/v2\/users\/1"}],"replies":[{"embeddable":true,"href":"https:\/\/revecongo.com\/en\/wp-json\/wp\/v2\/comments?post=244"}],"version-history":[{"count":55,"href":"https:\/\/revecongo.com\/en\/wp-json\/wp\/v2\/pages\/244\/revisions"}],"predecessor-version":[{"id":1812,"href":"https:\/\/revecongo.com\/en\/wp-json\/wp\/v2\/pages\/244\/revisions\/1812"}],"wp:attachment":[{"href":"https:\/\/revecongo.com\/en\/wp-json\/wp\/v2\/media?parent=244"}],"curies":[{"name":"wp","href":"https:\/\/api.w.org\/{rel}","templated":true}]}}