{"id":290,"date":"2020-03-21T19:10:04","date_gmt":"2020-03-21T19:10:04","guid":{"rendered":"http:\/\/hompark.themezinho.net\/?page_id=290"},"modified":"2025-09-10T08:17:37","modified_gmt":"2025-09-10T08:17:37","slug":"faq","status":"publish","type":"page","link":"https:\/\/revecongo.com\/en\/faq\/","title":{"rendered":"FAQ"},"content":{"rendered":"<div class=\"wpb-content-wrapper\"><section  class=\"content-section\" ><div class=\"container\"><div class=\"vc_row wpb_row vc_row-fluid\"><div class=\"wpb_column vc_column_container vc_col-sm-12\"><div class=\"vc_column-inner\"><div class=\"wpb_wrapper\"><div class=\"section-titles    light \t\t\t   center\" >\n\t\n\t\t\n\t\n  \n    <h2><\/p>\n<p style=\"font-size: 30px; color: #91713c; font-weight: bold;\" class=\"translation-block\">Whether you are a resident or an international buyer, we provide answers <br>to your questions about owning property in the DRC<\/p>\n<p><\/h2>\n  \t\n\t\n\t\n\t\t\n\t\n<\/div>\n<div class=\"vc_empty_space\"   style=\"height: 55px\"><span class=\"vc_empty_space_inner\"><\/span><\/div><div class=\"vc_row wpb_row vc_inner vc_row-fluid\"><div class=\"wpb_column vc_column_container vc_col-sm-6 vc_col-md-8\"><div class=\"vc_column-inner\"><div class=\"wpb_wrapper\"> \n\n\n\t<div class=\"accordion wow fadeInUp\"  id=\"accordion\" role=\"tablist\">\n            \n          \n\n\n    \n  \n                 \n\t\t<div class=\"card\">\n\t\t\t\n              <div class=\"card-header\" role=\"tab\" id=\"Puis-je acheter une propri\u00e9t\u00e9 \u00e0 R\u00eave Congo si je suis \u00e9tranger ?\"> <a data-toggle=\"collapse\" href=\"#collapse1\" aria-expanded=\"false\" >Can I buy a property at R\u00eave Congo if I am a foreigner? <\/a> <\/div>\n\t\t\t\n              <div id=\"collapse1\" class=\"collapse\" data-parent=\"#accordion\">\n                <div class=\"card-body\"> Yes. At R\u00eave Congo, we welcome international buyers. In the Democratic Republic of Congo, foreigners can legally purchase built properties (villas, apartments) but cannot own the land itself. The land is owned by the State and granted through perpetual or ordinary leases, which we facilitate as part of your acquisition process.<\/div>\n                <!-- end card-body --> \n              <\/div>\n              <!-- end collapse --> \n            <\/div>\n            <!-- end card -->\n\t\t\n\t\t\n\t\t\n\t\t\n\t\t\t\n\t\t\t\n          \n       \n                 \n\t\t<div class=\"card\">\n\t\t\t\n              <div class=\"card-header\" role=\"tab\" id=\"Est-ce que vous louez aussi ?\"> <a data-toggle=\"collapse\" href=\"#collapse2\" aria-expanded=\"false\" >Do you also offer rentals? <\/a> <\/div>\n\t\t\t\n              <div id=\"collapse2\" class=\"collapse\" data-parent=\"#accordion\">\n                <div class=\"card-body\"> Yes, prices vary depending on the type of housing. We require a three-month deposit. Condominium fees are included in the rental price.<\/div>\n                <!-- end card-body --> \n              <\/div>\n              <!-- end collapse --> \n            <\/div>\n            <!-- end card -->\n\t\t\n\t\t\n\t\t\n\t\t\n\t\t\t\n\t\t\t\n          \n       \n                 \n\t\t<div class=\"card\">\n\t\t\t\n              <div class=\"card-header\" role=\"tab\" id=\"Quels frais dois-je pr\u00e9voir lors de l\u2019achat ?\"> <a data-toggle=\"collapse\" href=\"#collapse3\" aria-expanded=\"false\" >What fees should I expect when buying? <\/a> <\/div>\n\t\t\t\n              <div id=\"collapse3\" class=\"collapse\" data-parent=\"#accordion\">\n                <div class=\"card-body\"> When purchasing a property at R\u00eave Congo, you should expect the following fees:\n\n- The reservation fee typically amounts to 20% of the purchase price.\nThis amount is deducted from the total price at the time of finalizing the purchase and is not an additional cost.\n\n- Any applicable condominium (syndic) fees.<\/div>\n                <!-- end card-body --> \n              <\/div>\n              <!-- end collapse --> \n            <\/div>\n            <!-- end card -->\n\t\t\n\t\t\n\t\t\n\t\t\n\t\t\t\n\t\t\t\n          \n       \n                 \n\t\t<div class=\"card\">\n\t\t\t\n              <div class=\"card-header\" role=\"tab\" id=\" Comment puis-je m\u2019assurer que le bien est l\u00e9galement s\u00e9curis\u00e9 ?\"> <a data-toggle=\"collapse\" href=\"#collapse4\" aria-expanded=\"false\" > How can I ensure that the property is legally secured? <\/a> <\/div>\n\t\t\t\n              <div id=\"collapse4\" class=\"collapse\" data-parent=\"#accordion\">\n                <div class=\"card-body\"> All our properties are thoroughly verified and officially registered. We work with trusted notaries and specialized legal experts to ensure transparency, the authenticity of land titles, and the absence of disputes or mortgages. At R\u00eave Congo, your peace of mind is our priority.<\/div>\n                <!-- end card-body --> \n              <\/div>\n              <!-- end collapse --> \n            <\/div>\n            <!-- end card -->\n\t\t\n\t\t\n\t\t\n\t\t\n\t\t\t\n\t\t\t\n          \n       \n                 \n\t\t<div class=\"card\">\n\t\t\t\n              <div class=\"card-header\" role=\"tab\" id=\"L\u2019intervention d\u2019un notaire est-elle obligatoire ?\"> <a data-toggle=\"collapse\" href=\"#collapse5\" aria-expanded=\"false\" >Is the involvement of a notary mandatory? <\/a> <\/div>\n\t\t\t\n              <div id=\"collapse5\" class=\"collapse\" data-parent=\"#accordion\">\n                <div class=\"card-body\"> Yes. In accordance with Congolese law, the purchase must be formalized before a notary. R\u00eave Congo handles all notarial procedures for you in a smooth and secure process.<\/div>\n                <!-- end card-body --> \n              <\/div>\n              <!-- end collapse --> \n            <\/div>\n            <!-- end card -->\n\t\t\n\t\t\n\t\t\n\t\t\n\t\t\t\n\t\t\t\n          \n       \n                 \n\t\t<div class=\"card\">\n\t\t\t\n              <div class=\"card-header\" role=\"tab\" id=\" Puis-je financer l\u2019achat avec un pr\u00eat bancaire ?\"> <a data-toggle=\"collapse\" href=\"#collapse6\" aria-expanded=\"false\" > Can I finance the purchase with a bank loan? <\/a> <\/div>\n\t\t\t\n              <div id=\"collapse6\" class=\"collapse\" data-parent=\"#accordion\">\n                <div class=\"card-body\"> Some banks in the DRC offer real estate financing solutions. We can connect you with partner institutions to explore the possibility of a loan tailored to your profile.<\/div>\n                <!-- end card-body --> \n              <\/div>\n              <!-- end collapse --> \n            <\/div>\n            <!-- end card -->\n\t\t\n\t\t\n\t\t\n\t\t\n\t\t\t\n\t\t\t\n          \n       \n                 <\/div>\n          <!-- end accordion -->\n    \n\n\n\n\n\n\n\n\n<\/div><\/div><\/div><div class=\"wpb_column vc_column_container vc_col-sm-6 vc_col-md-offset-1 vc_col-md-3\"><div class=\"vc_column-inner\"><div class=\"wpb_wrapper\">       \n            <aside class=\"side-support-box wow fadeInUp\" >\n<i class=\"fas fa-question-circle\"><\/i>\n\t\t\t\t\n\t\t\t\t\n\t\t\t\t\t\t\t\t<h3>Support center<\/h3>\n\t\t\t\t                \n\t\t\t\t\n\t\t\t\t\t\t\t\t<p>Our dedicated team is at your service to answer any questions related to buying, renting, or living at R\u00eave Congo.<\/p>\n\t\t\t\t \t\t\t\t\n\t\t\t\t\n\t\t\t\t\n\t\t\t\n               \n            <\/aside>\n       \n\n\t\t<\/div><\/div><\/div><\/div><\/div><\/div><\/div><\/div><\/div><\/section>\n<\/div>","protected":false},"excerpt":{"rendered":"Que vous soyez r\u00e9sident ou acheteur \u00e9tranger, nous r\u00e9pondons \u00e0 vos interrogations sur la propri\u00e9t\u00e9 en RDC Puis-je acheter une propri\u00e9t\u00e9 \u00e0 R\u00eave Congo si je suis \u00e9tranger ? Oui. \u00c0 R\u00eave Congo, nous accueillons des acheteurs internationaux. En R\u00e9publique D\u00e9mocratique du Congo, les \u00e9trangers peuvent l\u00e9galement acqu\u00e9rir des biens b\u00e2tis (villas, appartements) mais ne [...]","protected":false},"author":1,"featured_media":0,"parent":0,"menu_order":0,"comment_status":"closed","ping_status":"closed","template":"page-portfolio.php","meta":{"footnotes":""},"class_list":["post-290","page","type-page","status-publish","hentry"],"acf":[],"_links":{"self":[{"href":"https:\/\/revecongo.com\/en\/wp-json\/wp\/v2\/pages\/290","targetHints":{"allow":["GET"]}}],"collection":[{"href":"https:\/\/revecongo.com\/en\/wp-json\/wp\/v2\/pages"}],"about":[{"href":"https:\/\/revecongo.com\/en\/wp-json\/wp\/v2\/types\/page"}],"author":[{"embeddable":true,"href":"https:\/\/revecongo.com\/en\/wp-json\/wp\/v2\/users\/1"}],"replies":[{"embeddable":true,"href":"https:\/\/revecongo.com\/en\/wp-json\/wp\/v2\/comments?post=290"}],"version-history":[{"count":27,"href":"https:\/\/revecongo.com\/en\/wp-json\/wp\/v2\/pages\/290\/revisions"}],"predecessor-version":[{"id":1824,"href":"https:\/\/revecongo.com\/en\/wp-json\/wp\/v2\/pages\/290\/revisions\/1824"}],"wp:attachment":[{"href":"https:\/\/revecongo.com\/en\/wp-json\/wp\/v2\/media?parent=290"}],"curies":[{"name":"wp","href":"https:\/\/api.w.org\/{rel}","templated":true}]}}