{"id":302,"date":"2020-03-22T05:28:10","date_gmt":"2020-03-22T05:28:10","guid":{"rendered":"http:\/\/hompark.themezinho.net\/?page_id=302"},"modified":"2025-09-04T09:04:14","modified_gmt":"2025-09-04T09:04:14","slug":"le-quartier","status":"publish","type":"page","link":"https:\/\/revecongo.com\/en\/le-quartier\/","title":{"rendered":"The Neighborhood"},"content":{"rendered":"<div class=\"wpb-content-wrapper\"><section class=\"content-section\" ><div class=\"container\"><div class=\"vc_row wpb_row vc_row-fluid wpb_animate_when_almost_visible wpb_fadeInUp fadeInUp vc_custom_1750170748114 vc_row-o-content-middle vc_row-flex\"><div class=\"wpb_column vc_column_container vc_col-sm-3\"><div class=\"vc_column-inner\"><div class=\"wpb_wrapper\">\n\t  \t<div class=\"info-counter\">\n\t\t   \n \t\t\t\n          \n\t\t\t\n\t\t\t\n\t\t\t\n\t\t\t          \t\t<span class=\"odometer\" data-count=\"15\" data-status=\"yes\">0<\/span>\n \t \t\t\t\t\t\t\t\t<span class=\"char\">min<\/span>\n\t\t\t\t\t\t\n\t\t\t\t\t\t\n\t\t\t<h6>From TASOK (without traffic)<\/h6>\n\t\t \t\t\t\n\t\t<\/div>\n\n\t\t\n\t\t<\/div><\/div><\/div><div class=\"wpb_column vc_column_container vc_col-sm-3\"><div class=\"vc_column-inner\"><div class=\"wpb_wrapper\">\n\t  \t<div class=\"info-counter\">\n\t\t   \n \t\t\t\n          \n\t\t\t\n\t\t\t\n\t\t\t\n\t\t\t          \t\t<span class=\"odometer\" data-count=\"20\" data-status=\"yes\">0<\/span>\n \t \t\t\t\t\t\t\t\t<span class=\"char\">min<\/span>\n\t\t\t\t\t\t\n\t\t\t\t\t\t\n\t\t\t<h6>From Lyc\u00e9e Francais (Without traffic)<\/h6>\n\t\t \t\t\t\n\t\t<\/div>\n\n\t\t\n\t\t<\/div><\/div><\/div><div class=\"wpb_column vc_column_container vc_col-sm-3\"><div class=\"vc_column-inner\"><div class=\"wpb_wrapper\">\n\t  \t<div class=\"info-counter\">\n\t\t   \n \t\t\t\n          \n\t\t\t\n\t\t\t\n\t\t\t\n\t\t\t          \t\t<span class=\"odometer\" data-count=\"10\" data-status=\"yes\">0<\/span>\n \t \t\t\t\t\t\t\t\t<span class=\"char\">min<\/span>\n\t\t\t\t\t\t\n\t\t\t\t\t\t\n\t\t\t<h6>From Centre financier (Without traffic)<\/h6>\n\t\t \t\t\t\n\t\t<\/div>\n\n\t\t\n\t\t<\/div><\/div><\/div><div class=\"wpb_column vc_column_container vc_col-sm-3\"><div class=\"vc_column-inner\"><div class=\"wpb_wrapper\">\n\t  \t<div class=\"info-counter\">\n\t\t   \n \t\t\t\n          \n\t\t\t\n\t\t\t\n\t\t\t\n\t\t\t          \t\t<span class=\"odometer\" data-count=\"50\" data-status=\"yes\">0<\/span>\n \t \t\t\t\t\t\t\t\t<span class=\"char\">min<\/span>\n\t\t\t\t\t\t\n\t\t\t\t\t\t\n\t\t\t<h6>N'djili Airport (Without traffic)<\/h6>\n\t\t \t\t\t\n\t\t<\/div>\n\n\t\t\n\t\t<\/div><\/div><\/div><\/div><\/div><\/section><section  class=\"content-section\" ><div class=\"container\"><div class=\"vc_row wpb_row vc_row-fluid vc_custom_1748856269530\"><div class=\"wpb_column vc_column_container vc_col-sm-12\"><div class=\"vc_column-inner\"><div class=\"wpb_wrapper\"><div class=\"vc_row wpb_row vc_inner vc_row-fluid vc_custom_1750171231131 vc_row-has-fill\"><div class=\"wpb_column vc_column_container vc_col-sm-12\"><div class=\"vc_column-inner\"><div class=\"wpb_wrapper\"><div class=\"section-titles    light \t\t\t   center\" >\n\t\n\t\t\n\t\n  \n    <h2><\/p>\n<p style=\"font-size: 30px; color: #91713c; font-weight: bold;\">Enjoy the peace and quiet of R\u00eave Congo<\/p>\n<p><\/h2>\n  \t\n\t\n\t\n\t\t\n\t\n<\/div>\n<div class=\"vc_empty_space\"   style=\"height: 55px\"><span class=\"vc_empty_space_inner\"><\/span><\/div>\n\n\n<div class=\"apartment-content wow fadeInUp\" >\n\t\t  <p class=\"translation-block\">In less than 30 minutes, you can take your children to <a href=\"https:\/\/www.tasok.net\" target=\"_blank\" rel=\"noopener\"><strong>The American School of Kinshasa (Tasok)<\/strong><\/a>, <strong><a href=\"https:\/\/lfrdkinshasa.org\" target=\"_blank\" rel=\"noopener\">Lyc\u00e9e Fran\u00e7ais Ren\u00e9 Descartes<\/a><\/strong>, <strong><a href=\"https:\/\/www.lpl-rdc.com\" target=\"_blank\" rel=\"noopener\">Lyc\u00e9e Prince de Li\u00e8ge<\/a><\/strong>, or to <a href=\"https:\/\/jacobpreschool.com\/home\/\" target=\"_blank\" rel=\"noopener\"><strong>Jacobs Preschool<\/strong><\/a> and <a href=\"https:\/\/sites.google.com\/view\/busybeeskinshasa?usp=sharing\" target=\"_blank\" rel=\"noopener\"><strong>Busy Bees<\/strong><\/a>, renowned for their caring and multilingual educational approach.<\/p>\n\t\n\t\n\t\n\t\n\t\t  <\/div>\n\n\t\t<div class=\"wpb_gmaps_widget wpb_content_element vc_map_responsive vc_custom_1750145864248 wpb_animate_when_almost_visible wpb_fadeInUp fadeInUp\"><div class=\"wpb_wrapper\"><div class=\"wpb_map_wraper\"><iframe loading=\"lazy\" src=\"https:\/\/maps.google.com\/maps?q=R%C3%AAve%20Congo&#038;t=m&#038;z=17&#038;output=embed&#038;iwloc=near\" title=\"R\u00eave Congo\" aria-label=\"R\u00eave Congo\" ><\/iframe><\/div><\/div><\/div>\n\n\n<div class=\"apartment-content wow fadeInUp\" >\n\t\t  <p style=\"text-align: center;\" class=\"translation-block\"><strong>R\u00eave Congo<\/strong> will have its own <strong>private entrance<\/strong> on Colonel Mondjiba Avenue.<\/p>\n\t\n\t\n\t\n\t\n\t\t  <\/div>\n\n\t\t<div class=\"vc_empty_space\"   style=\"height: 55px\"><span class=\"vc_empty_space_inner\"><\/span><\/div><\/div><\/div><\/div><div class=\"wpb_column vc_column_container vc_col-sm-12\"><div class=\"vc_column-inner\"><div class=\"wpb_wrapper\"><div class=\"vc_empty_space\"   style=\"height: 30px\"><span class=\"vc_empty_space_inner\"><\/span><\/div>\n\n\n<div class=\"apartment-content wow fadeInUp\" >\n\t\t  <h3>A peaceful retreat close to the heart of the activity<\/h3>\n<p class=\"translation-block\">Though nestled in a vibrant urban landscape, <strong>R\u00eave Congo<\/strong> remains a <strong>peaceful haven<\/strong>. Fresh air carries the gentle breezes of the <strong>Congo River<\/strong>, all while being just minutes away from Kinshasa\u2019s <strong>most lively<\/strong> culinary and nightlife spots.<\/p>\n\t\n\t\n\t\n\t\n\t\t  <\/div>\n\n\t\t<div class=\"vc_empty_space\"   style=\"height: 30px\"><span class=\"vc_empty_space_inner\"><\/span><\/div>\n<div class=\"vc_grid-container-wrapper vc_clearfix vc_grid-animation-fadeInUp\">\n\t<div class=\"vc_grid-container vc_clearfix wpb_content_element vc_media_grid\" data-initial-loading-animation=\"fadeInUp\" data-vc-grid-settings=\"{&quot;page_id&quot;:302,&quot;style&quot;:&quot;all&quot;,&quot;action&quot;:&quot;vc_get_vc_grid_data&quot;,&quot;shortcode_id&quot;:&quot;1756975885223-ff6ce9857ff4243187493aaf7d4394ff-4&quot;,&quot;tag&quot;:&quot;vc_media_grid&quot;}\" data-vc-request=\"https:\/\/revecongo.com\/wp-admin\/admin-ajax.php\" data-vc-post-id=\"302\" data-vc-public-nonce=\"1cfdc959c5\">\n\t\t\n\t<\/div>\n<\/div>\n\n\n<div class=\"apartment-content wow fadeInUp\" >\n\t\t  <p class=\"translation-block\">There are many remarkable properties, but it is the <strong>human qualities<\/strong> that matter most to us. At <strong>R\u00eave Congo<\/strong>, our agents are more than just professionals: they <strong>embody trust<\/strong>, style, and <strong>service excellence<\/strong>. They tell a story of passion, determination, and unwavering commitment that defines <strong>R\u00eave Congo\u2019s<\/strong> philosophy. Every smile, every moment of focus reflects our belief in authenticity and <strong>human connection<\/strong>. We are more than just a team\u2014we are a <strong>family<\/strong> that cherishes the <strong>human spirit<\/strong>, especially when it is needed <strong>the most<\/strong>.<\/p>\n\t\n\t\n\t\n\t\n\t\t  <\/div>\n\n\t\t<\/div><\/div><\/div><\/div><\/div><\/div><\/div><\/div><\/div><\/section>\n<\/div>","protected":false},"excerpt":{"rendered":"0 min De TASOK (Sans embouteillages) 0 min Du Lyc\u00e9e Fran\u00e7ais (Sans embouteillages) 0 min Du Centre financier (Sans embouteillages) 0 min De l\u2019a\u00e9roport de N\u2019djili (Sans embouteillages) Vivez la tranquillit\u00e9 de R\u00eave Congo En moins de 30 minutes, vous pouvez accompagner vos enfants \u00e0 The American School of Kinshasa (Tasok), le Lyc\u00e9e Fran\u00e7ais Ren\u00e9 [...]","protected":false},"author":1,"featured_media":0,"parent":0,"menu_order":0,"comment_status":"closed","ping_status":"closed","template":"page-portfolio.php","meta":{"footnotes":""},"class_list":["post-302","page","type-page","status-publish","hentry"],"acf":[],"_links":{"self":[{"href":"https:\/\/revecongo.com\/en\/wp-json\/wp\/v2\/pages\/302","targetHints":{"allow":["GET"]}}],"collection":[{"href":"https:\/\/revecongo.com\/en\/wp-json\/wp\/v2\/pages"}],"about":[{"href":"https:\/\/revecongo.com\/en\/wp-json\/wp\/v2\/types\/page"}],"author":[{"embeddable":true,"href":"https:\/\/revecongo.com\/en\/wp-json\/wp\/v2\/users\/1"}],"replies":[{"embeddable":true,"href":"https:\/\/revecongo.com\/en\/wp-json\/wp\/v2\/comments?post=302"}],"version-history":[{"count":112,"href":"https:\/\/revecongo.com\/en\/wp-json\/wp\/v2\/pages\/302\/revisions"}],"predecessor-version":[{"id":1779,"href":"https:\/\/revecongo.com\/en\/wp-json\/wp\/v2\/pages\/302\/revisions\/1779"}],"wp:attachment":[{"href":"https:\/\/revecongo.com\/en\/wp-json\/wp\/v2\/media?parent=302"}],"curies":[{"name":"wp","href":"https:\/\/api.w.org\/{rel}","templated":true}]}}