{"id":378,"date":"2020-03-23T07:50:00","date_gmt":"2020-03-23T07:50:00","guid":{"rendered":"http:\/\/hompark.themezinho.net\/?page_id=378"},"modified":"2025-09-06T07:34:59","modified_gmt":"2025-09-06T07:34:59","slug":"investir-dans-l-avenir-a-kinshasa","status":"publish","type":"page","link":"https:\/\/revecongo.com\/en\/investir-dans-l-avenir-a-kinshasa\/","title":{"rendered":"Invest in the Future of Kinshasa"},"content":{"rendered":"<div class=\"wpb-content-wrapper\"><section  class=\"content-section\" ><div class=\"container\"><div class=\"vc_row wpb_row vc_row-fluid vc_custom_1749634959979\"><div class=\"wpb_column vc_column_container vc_col-sm-12\"><div class=\"vc_column-inner\"><div class=\"wpb_wrapper\"><div class=\"vc_row wpb_row vc_inner vc_row-fluid vc_custom_1749889629949\"><div class=\"wpb_column vc_column_container vc_col-sm-12 vc_hidden-sm vc_hidden-xs\"><div class=\"vc_column-inner vc_custom_1749889528056\"><div class=\"wpb_wrapper\"><div class=\"section-titles    light \t\t\t   center\" >\n\t\n\t\t\n\t\n  \n    <h2><\/p>\n<p style=\"font-size: 30px; color: #91713c; font-weight: bold;\">Why invest in real estate in Kinshasa?<\/p>\n<p><\/h2>\n  \t\n\t\n\t\n\t\t\n\t\n<\/div>\n<\/div><\/div><\/div><\/div><div class=\"vc_row wpb_row vc_inner vc_row-fluid vc_custom_1749888666599\"><div class=\"wpb_column vc_column_container vc_col-sm-12 vc_hidden-lg vc_hidden-md\"><div class=\"vc_column-inner vc_custom_1749889546867\"><div class=\"wpb_wrapper\"><div class=\"section-titles    light \t\t\t   center\" >\n\t\n\t\t\n\t\n  \n    <h2><\/p>\n<p style=\"font-size: 30px; color: #91713c; font-weight: bold;\">Why invest in real estate in Kinshasa?<\/p>\n<p><\/h2>\n  \t\n\t\n\t\n\t\t\n\t\n<\/div>\n<\/div><\/div><\/div><\/div><div class=\"vc_row wpb_row vc_inner vc_row-fluid row-invest vc_custom_1757082771228 vc_row-has-fill\"><div class=\"bloc-invest wpb_column vc_column_container vc_col-sm-4\"><div class=\"vc_column-inner vc_custom_1757087214443\"><div class=\"wpb_wrapper\">\n\t  \t<div class=\"info-counter\">\n\t\t   \n \t\t\t\n          \n\t\t\t\n\t\t\t\n\t\t\t\n\t\t\t          \t\t<span class=\"odometer\" data-count=\"10\" data-status=\"yes\">0<\/span>\n \t \t\t\t\t\t\t\t\t<span class=\"char\">years<\/span>\n\t\t\t\t\t\t\n\t\t\t\t\t\t\n\t\t\t<h6>Return on investment<\/h6>\n\t\t \t\t\t\n\t\t<\/div>\n\n\t\t\n\t\t<\/div><\/div><\/div><div class=\"bloc-invest wpb_column vc_column_container vc_col-sm-6 vc_col-sm-offset-1\"><div class=\"vc_column-inner\"><div class=\"wpb_wrapper\">\t\t<div class=\"text-content-block wow fadeInUp\" data-wow-delay=\"0.05s\">\n\t\t\t<ul data-start=\"790\" data-end=\"1185\">\n<li data-start=\"790\" data-end=\"908\">\n<p data-start=\"792\" data-end=\"908\" class=\"translation-block\"><strong>Projected annual growth of rental income<\/strong>, linked to increases in rents and occupancy rates.<\/p>\n<\/li>\n<\/ul>\n<p class=\"translation-block\">For example, by investing <strong>$500,000<\/strong> in a high-end apartment, with an average annual <strong>property value growth of 4%<\/strong> and an <strong>estimated net rental yield of 6%<\/strong>, you can recover your capital in <strong>about 10 years<\/strong> while benefiting from an appreciation of your assets. After this period, you can either continue to receive income or sell with a <strong>capital gain<\/strong> to reinvest.<\/p>\n\n            \t\t<\/div>\n\t\t<\/div><\/div><\/div><\/div><div class=\"vc_row wpb_row vc_inner vc_row-fluid row-invest vc_custom_1757083609140 vc_row-has-fill\"><div class=\"wpb_column vc_column_container vc_col-sm-4 vc_hidden-lg vc_hidden-md\"><div class=\"vc_column-inner\"><div class=\"wpb_wrapper\">\n\t  \t<div class=\"info-counter\">\n\t\t   \n \t\t\t\n          \n\t\t\t\n\t\t\t\n\t\t\t\n\t\t\t          \t\t<span class=\"odometer\" data-count=\"3\" data-status=\"yes\">0<\/span>\n \t \t\t\t\t\t\t\t\t<span class=\"char\">%<\/span>\n\t\t\t\t\t\t\n\t\t\t\t\t\t\n\t\t\t<h6>Annual property value<\/h6>\n\t\t \t\t\t\n\t\t<\/div>\n\n\t\t\n\t\t<\/div><\/div><\/div><div class=\"wpb_column vc_column_container vc_col-sm-6 vc_hidden-lg vc_hidden-md vc_col-sm-offset-1\"><div class=\"vc_column-inner vc_custom_1749887468097\"><div class=\"wpb_wrapper\">\t\t<div class=\"text-content-block\" >\n\t\t\t<ul>\n<li class=\"translation-block\"><strong>Appreciation of real estate property values is estimated between 3% and 10% per year<\/strong>, according to market forecasts.<\/li>\n<\/ul>\n\n            \t\t<\/div>\n\t\t<\/div><\/div><\/div><\/div><div class=\"vc_row wpb_row vc_inner vc_row-fluid row-invest vc_custom_1757082985644 vc_row-has-fill\"><div class=\"bloc-invest wpb_column vc_column_container vc_col-sm-4 vc_hidden-sm vc_hidden-xs\"><div class=\"vc_column-inner\"><div class=\"wpb_wrapper\">\t\t<div class=\"text-content-block wow fadeInUp\" data-wow-delay=\"0.05s\">\n\t\t\t<ul data-start=\"790\" data-end=\"1185\">\n<li data-start=\"909\" data-end=\"1030\">\n<p data-start=\"911\" data-end=\"1030\" class=\"translation-block\"><strong>Appreciation of real estate property values is estimated between 3% and 10% per year<\/strong>, according to market forecasts.<\/p>\n<\/li>\n<\/ul>\n\n            \t\t<\/div>\n\t\t<\/div><\/div><\/div><div class=\"bloc-invest wpb_column vc_column_container vc_col-sm-6 vc_col-sm-offset-1 vc_hidden-sm vc_hidden-xs\"><div class=\"vc_column-inner\"><div class=\"wpb_wrapper\">\n\t  \t<div class=\"info-counter\">\n\t\t   \n \t\t\t\n          \n\t\t\t\n\t\t\t\n\t\t\t\n\t\t\t          \t\t<span class=\"odometer\" data-count=\"3\" data-status=\"yes\">0<\/span>\n \t \t\t\t\t\t\t\t\t<span class=\"char\">%<\/span>\n\t\t\t\t\t\t\n\t\t\t\t\t\t\n\t\t\t<h6>Annual property value<\/h6>\n\t\t \t\t\t\n\t\t<\/div>\n\n\t\t\n\t\t<\/div><\/div><\/div><\/div><div class=\"vc_row wpb_row vc_inner vc_row-fluid row-invest vc_custom_1757083636873 vc_row-has-fill\"><div class=\"wpb_column vc_column_container vc_col-sm-4 vc_hidden-lg vc_hidden-md\"><div class=\"vc_column-inner\"><div class=\"wpb_wrapper\">\n\t  \t<div class=\"info-counter\">\n\t\t   \n \t\t\t\n          \n\t\t\t\n\t\t\t\n\t\t\t\n\t\t\t          \t\t<span class=\"odometer\" data-count=\"5\" data-status=\"yes\">0<\/span>\n \t \t\t\t\t\t\t\t\t<span class=\"char\">%<\/span>\n\t\t\t\t\t\t\n\t\t\t\t\t\t\n\t\t\t<h6>Management fees<\/h6>\n\t\t \t\t\t\n\t\t<\/div>\n\n\t\t\n\t\t<\/div><\/div><\/div><div class=\"wpb_column vc_column_container vc_col-sm-6 vc_hidden-lg vc_hidden-md vc_col-sm-offset-1\"><div class=\"vc_column-inner vc_custom_1749889162109\"><div class=\"wpb_wrapper\">\t\t<div class=\"text-content-block wow fadeInUp\" data-wow-delay=\"0.05s\">\n\t\t\t<p>&nbsp;<\/p>\n<ul data-start=\"790\" data-end=\"1185\">\n<li data-start=\"1031\" data-end=\"1185\">\n<p data-start=\"1033\" data-end=\"1185\" class=\"translation-block\"><strong>Net yield<\/strong>, after deduction of management fees, estimated <strong>at 5% or more<\/strong>, in line with common standards in real estate investment.<\/p>\n<\/li>\n<\/ul>\n\n            \t\t<\/div>\n\t\t<\/div><\/div><\/div><\/div><div class=\"vc_row wpb_row vc_inner vc_row-fluid row-invest vc_custom_1757083019916 vc_row-has-fill\"><div class=\"bloc-invest wpb_column vc_column_container vc_col-sm-4 vc_hidden-sm vc_hidden-xs\"><div class=\"vc_column-inner\"><div class=\"wpb_wrapper\">\n\t  \t<div class=\"info-counter\">\n\t\t   \n \t\t\t\n          \n\t\t\t\n\t\t\t\n\t\t\t\n\t\t\t          \t\t<span class=\"odometer\" data-count=\"5\" data-status=\"yes\">0<\/span>\n \t \t\t\t\t\t\t\t\t<span class=\"char\">%<\/span>\n\t\t\t\t\t\t\n\t\t\t\t\t\t\n\t\t\t<h6>Management fees<\/h6>\n\t\t \t\t\t\n\t\t<\/div>\n\n\t\t\n\t\t<\/div><\/div><\/div><div class=\"bloc-invest wpb_column vc_column_container vc_col-sm-6 vc_col-sm-offset-1 vc_hidden-sm vc_hidden-xs\"><div class=\"vc_column-inner vc_custom_1757083135669\"><div class=\"wpb_wrapper\">\t\t<div class=\"text-content-block wow fadeInUp\" data-wow-delay=\"0.05s\">\n\t\t\t<p>&nbsp;<\/p>\n<ul data-start=\"790\" data-end=\"1185\">\n<li data-start=\"1031\" data-end=\"1185\">\n<p data-start=\"1033\" data-end=\"1185\" class=\"translation-block\"><strong>Net yield<\/strong>, after deduction of management fees, estimated <strong>at 5% or more<\/strong>, in line with common standards in real estate investment.<\/p>\n<\/li>\n<\/ul>\n\n            \t\t<\/div>\n\t\t<\/div><\/div><\/div><\/div><div class=\"vc_row wpb_row vc_inner vc_row-fluid row-invest vc_custom_1757083656821 vc_row-has-fill\"><div class=\"wpb_column vc_column_container vc_col-sm-4 vc_hidden-lg vc_hidden-md\"><div class=\"vc_column-inner\"><div class=\"wpb_wrapper\">\n\t  \t<div class=\"info-counter\">\n\t\t   \n \t\t\t\n          \n\t\t\t\n\t\t\t\n\t\t\t\n\t\t\t          \t\t<span class=\"odometer\" data-count=\"27M\" data-status=\"yes\">0<\/span>\n \t \t\t\t\t\t\t\t\t<span class=\"char\">pop<\/span>\n\t\t\t\t\t\t\n\t\t\t\t\t\t\n\t\t\t<h6>Population growth (2035)<\/h6>\n\t\t \t\t\t\n\t\t<\/div>\n\n\t\t\n\t\t<\/div><\/div><\/div><div class=\"wpb_column vc_column_container vc_col-sm-6 vc_hidden-lg vc_hidden-md vc_col-sm-offset-1\"><div class=\"vc_column-inner\"><div class=\"wpb_wrapper\">\t\t<div class=\"text-content-block wow fadeInUp\" data-wow-delay=\"0.05s\">\n\t\t\t<ul>\n<li data-start=\"911\" data-end=\"1030\" class=\"translation-block\">With an <strong>annual urban growth rate of 4.1%<\/strong>, or about one million new arrivals each year, the demand for housing remains strong and steady.<\/li>\n<\/ul>\n\n            \t\t<\/div>\n\t\t<\/div><\/div><\/div><\/div><div class=\"vc_row wpb_row vc_inner vc_row-fluid row-invest vc_custom_1757083041887 vc_row-has-fill\"><div class=\"bloc-invest wpb_column vc_column_container vc_col-sm-4 vc_hidden-sm vc_hidden-xs\"><div class=\"vc_column-inner\"><div class=\"wpb_wrapper\">\t\t<div class=\"text-content-block wow fadeInUp\" data-wow-delay=\"0.05s\">\n\t\t\t<ul>\n<li data-start=\"911\" data-end=\"1030\" class=\"translation-block\">With an <strong>annual urban growth rate of 4.1%<\/strong>, or about one million new arrivals each year, the demand for housing remains strong and steady.<\/li>\n<\/ul>\n\n            \t\t<\/div>\n\t\t<\/div><\/div><\/div><div class=\"bloc-invest wpb_column vc_column_container vc_col-sm-6 vc_col-sm-offset-1 vc_hidden-sm vc_hidden-xs\"><div class=\"vc_column-inner\"><div class=\"wpb_wrapper\">\n\t  \t<div class=\"info-counter\">\n\t\t   \n \t\t\t\n          \n\t\t\t\n\t\t\t\n\t\t\t\n\t\t\t          \t\t<span class=\"odometer\" data-count=\"27M\" data-status=\"yes\">0<\/span>\n \t \t\t\t\t\t\t\t\t<span class=\"char\">pop<\/span>\n\t\t\t\t\t\t\n\t\t\t\t\t\t\n\t\t\t<h6>Population growth (2035)<\/h6>\n\t\t \t\t\t\n\t\t<\/div>\n\n\t\t\n\t\t<\/div><\/div><\/div><\/div><div class=\"vc_row wpb_row vc_inner vc_row-fluid vc_custom_1749816078480\"><div class=\"wpb_column vc_column_container vc_col-sm-12 vc_hidden-lg vc_hidden-md\"><div class=\"vc_column-inner\"><div class=\"wpb_wrapper\">\n\n\n<div class=\"apartment-content wow fadeInUp\" >\n\t\t  <p class=\"translation-block\">At <strong>R\u00eave Congo<\/strong>, we focus on <strong>high-end<\/strong> residences located near the <strong>Congo River<\/strong>, with <strong>strong rental potential<\/strong>. Our properties cater to an upscale clientele \u2014 <strong>affluent families<\/strong>, <strong>executives<\/strong>, <strong>diplomats<\/strong>, <strong>entrepreneurs<\/strong>, and <strong>expatriates<\/strong> \u2014 seeking a secure, elegant, and <strong>refined living<\/strong> environment. Each property is designed to meet the highest standards of comfort, privacy, and <strong>architectural quality<\/strong>.<\/p>\n\t\n\t\n\t\n\t\n\t\t  <\/div>\n\n\t\t<\/div><\/div><\/div><\/div><div class=\"vc_row wpb_row vc_inner vc_row-fluid vc_custom_1749736577981\"><div class=\"wpb_column vc_column_container vc_col-sm-12 vc_hidden-sm vc_hidden-xs\"><div class=\"vc_column-inner\"><div class=\"wpb_wrapper\">\n\n\n<div class=\"apartment-content wow fadeInUp\" >\n\t\t  <p class=\"translation-block\">At <strong>R\u00eave Congo<\/strong>, we focus on <strong>high-end<\/strong> residences located near the <strong>Congo River<\/strong>, with <strong>strong rental potential<\/strong>. Our properties cater to an upscale clientele \u2014 <strong>affluent families<\/strong>, <strong>executives<\/strong>, <strong>diplomats<\/strong>, <strong>entrepreneurs<\/strong>, and <strong>expatriates<\/strong> \u2014 seeking a secure, elegant, and <strong>refined living<\/strong> environment. Each property is designed to meet the highest standards of comfort, privacy, and <strong>architectural quality<\/strong>.<\/p>\n\t\n\t\n\t\n\t\n\t\t  <\/div>\n\n\t\t<\/div><\/div><\/div><\/div><div class=\"vc_row wpb_row vc_inner vc_row-fluid vc_custom_1749817105263 vc_row-has-fill\"><div class=\"wpb_column vc_column_container vc_col-sm-12 vc_hidden-lg vc_hidden-md\"><div class=\"vc_column-inner vc_custom_1749816949956\"><div class=\"wpb_wrapper\">\n\n\n<div class=\"apartment-content wow fadeInUp\" >\n\t\t  <p style=\"font-size: 30px; color: #91713c; font-weight: bold;\">Why invest with us?<\/p>\n\t\n\t\n\t\n\t\n\t\t  <\/div>\n\n\t\t<\/div><\/div><\/div><\/div><div class=\"vc_row wpb_row vc_inner vc_row-fluid vc_custom_1749816479264 vc_row-has-fill\"><div class=\"wpb_column vc_column_container vc_col-sm-12 vc_hidden-sm vc_hidden-xs\"><div class=\"vc_column-inner vc_custom_1749816902565\"><div class=\"wpb_wrapper\">\n\n\n<div class=\"apartment-content wow fadeInUp\" >\n\t\t  <p style=\"font-size: 30px; color: #91713c; font-weight: bold;\">Why invest with us?<\/p>\n\t\n\t\n\t\n\t\n\t\t  <\/div>\n\n\t\t<\/div><\/div><\/div><\/div><div class=\"vc_row wpb_row vc_inner vc_row-fluid vc_custom_1749817368831\"><div class=\"wpb_column vc_column_container vc_col-sm-12 vc_hidden-lg vc_hidden-md\"><div class=\"vc_column-inner\"><div class=\"wpb_wrapper\">\n\n\n<div class=\"apartment-content wow fadeInUp\" >\n\t\t  <h4>Local expertise<\/h4>\n<p class=\"translation-block\">We have <strong>in-depth knowledge<\/strong> of Kinshasa\u2019s <strong>real estate market<\/strong> and its <strong>legal framework<\/strong>.<\/p>\n\t\n\t\n\t\n\t\n\t\t  <\/div>\n\n\t\t<\/div><\/div><\/div><\/div><div class=\"vc_row wpb_row vc_inner vc_row-fluid vc_custom_1749816726419\"><div class=\"wpb_column vc_column_container vc_col-sm-12 vc_hidden-sm vc_hidden-xs\"><div class=\"vc_column-inner\"><div class=\"wpb_wrapper\">\n\n\n<div class=\"apartment-content wow fadeInUp\" >\n\t\t  <h4>Local expertise<\/h4>\n<p class=\"translation-block\">We have <strong>in-depth knowledge<\/strong> of Kinshasa\u2019s <strong>real estate market<\/strong> and its <strong>legal framework<\/strong>.<\/p>\n\t\n\t\n\t\n\t\n\t\t  <\/div>\n\n\t\t<\/div><\/div><\/div><\/div><div class=\"vc_row wpb_row vc_inner vc_row-fluid vc_custom_1749817840704\"><div class=\"wpb_column vc_column_container vc_col-sm-12 vc_hidden-lg vc_hidden-md\"><div class=\"vc_column-inner\"><div class=\"wpb_wrapper\">\n\n\n<div class=\"apartment-content wow fadeInUp\" >\n\t\t  <h4>Full management<\/h4>\n<p class=\"translation-block\">From <strong>tenant sourcing<\/strong> to maintenance and rent collection, <strong>we handle every aspect<\/strong> of your property.<\/p>\n\t\n\t\n\t\n\t\n\t\t  <\/div>\n\n\t\t<\/div><\/div><\/div><\/div><div class=\"vc_row wpb_row vc_inner vc_row-fluid vc_custom_1749818584861\"><div class=\"wpb_column vc_column_container vc_col-sm-12 vc_hidden-sm vc_hidden-xs\"><div class=\"vc_column-inner\"><div class=\"wpb_wrapper\">\n\n\n<div class=\"apartment-content wow fadeInUp\" >\n\t\t  <h4>Full management<\/h4>\n<p class=\"translation-block\">From <strong>tenant sourcing<\/strong> to maintenance and rent collection, <strong>we handle every aspect<\/strong> of your property.<\/p>\n\t\n\t\n\t\n\t\n\t\t  <\/div>\n\n\t\t<\/div><\/div><\/div><\/div><div class=\"vc_row wpb_row vc_inner vc_row-fluid vc_custom_1749820146137\"><div class=\"wpb_column vc_column_container vc_col-sm-12 vc_hidden-sm vc_hidden-xs\"><div class=\"vc_column-inner\"><div class=\"wpb_wrapper\">\n\n\n<div class=\"apartment-content wow fadeInUp\" >\n\t\t  <h4>Aligned interests<\/h4>\n<p data-start=\"401\" data-end=\"516\" class=\"translation-block\">Our <strong>5% management fee<\/strong> gives us a strong incentive to <strong>maximize your rental income and the value of your property<\/strong><\/p>\n\t\n\t\n\t\n\t\n\t\t  <\/div>\n\n\t\t<\/div><\/div><\/div><\/div><div class=\"vc_row wpb_row vc_inner vc_row-fluid vc_custom_1749821429175\"><div class=\"wpb_column vc_column_container vc_col-sm-12 vc_hidden-lg vc_hidden-md\"><div class=\"vc_column-inner\"><div class=\"wpb_wrapper\">\n\n\n<div class=\"apartment-content wow fadeInUp\" >\n\t\t  <h4>Aligned interests<\/h4>\n<p data-start=\"401\" data-end=\"516\" class=\"translation-block\">Our <strong>5% management fee<\/strong> gives us a strong incentive to <strong>maximize your rental income and the value of your property<\/strong><\/p>\n\t\n\t\n\t\n\t\n\t\t  <\/div>\n\n\t\t<\/div><\/div><\/div><\/div><\/div><\/div><\/div><\/div><\/div><\/section>\n<\/div>","protected":false},"excerpt":{"rendered":"Pourquoi investir dans l'immobilier \u00e0 Kinshasa ? Pourquoi investir dans l'immobilier \u00e0 Kinshasa ? 0 ans Retour sur investissement Croissance annuelle projet\u00e9e des revenus locatifs, en lien avec la hausse des loyers et des taux d\u2019occupation. Par exemple, en investissant 500 000 $ dans un appartement haut de gamme, avec une croissance annuelle moyenne de [...]","protected":false},"author":1,"featured_media":0,"parent":0,"menu_order":0,"comment_status":"closed","ping_status":"closed","template":"page-portfolio.php","meta":{"footnotes":""},"class_list":["post-378","page","type-page","status-publish","hentry"],"acf":[],"_links":{"self":[{"href":"https:\/\/revecongo.com\/en\/wp-json\/wp\/v2\/pages\/378","targetHints":{"allow":["GET"]}}],"collection":[{"href":"https:\/\/revecongo.com\/en\/wp-json\/wp\/v2\/pages"}],"about":[{"href":"https:\/\/revecongo.com\/en\/wp-json\/wp\/v2\/types\/page"}],"author":[{"embeddable":true,"href":"https:\/\/revecongo.com\/en\/wp-json\/wp\/v2\/users\/1"}],"replies":[{"embeddable":true,"href":"https:\/\/revecongo.com\/en\/wp-json\/wp\/v2\/comments?post=378"}],"version-history":[{"count":254,"href":"https:\/\/revecongo.com\/en\/wp-json\/wp\/v2\/pages\/378\/revisions"}],"predecessor-version":[{"id":1804,"href":"https:\/\/revecongo.com\/en\/wp-json\/wp\/v2\/pages\/378\/revisions\/1804"}],"wp:attachment":[{"href":"https:\/\/revecongo.com\/en\/wp-json\/wp\/v2\/media?parent=378"}],"curies":[{"name":"wp","href":"https:\/\/api.w.org\/{rel}","templated":true}]}}