{"id":463,"date":"2020-03-17T18:44:55","date_gmt":"2020-03-17T18:44:55","guid":{"rendered":"http:\/\/hompark.themezinho.net\/?page_id=13"},"modified":"2025-10-03T12:03:05","modified_gmt":"2025-10-03T12:03:05","slug":"clubhouse","status":"publish","type":"page","link":"https:\/\/revecongo.com\/en\/clubhouse\/","title":{"rendered":"Clubhouse"},"content":{"rendered":"<div class=\"wpb-content-wrapper\"><section class=\"content-section\" ><div class=\"container\"><div class=\"vc_row wpb_row vc_row-fluid vc_custom_1750235814207 vc_row-has-fill\"><div class=\"wpb_column vc_column_container vc_col-sm-12\"><div class=\"vc_column-inner\"><div class=\"wpb_wrapper\"><div class=\"vc_row wpb_row vc_inner vc_row-fluid vc_custom_1747810644344\"><div class=\"wpb_column vc_column_container vc_col-sm-12\"><div class=\"vc_column-inner\"><div class=\"wpb_wrapper\">\n\n\n<div class=\"about-content\" >\n\t\t  \t\n\t\n\t\n\t\n\t\t  <\/div>\n\n\t\t<div class=\"section-titles    light \t\t\t   center\" >\n\t\n\t\t\n\t\n  \n    <h2><\/p>\n<p style=\"font-size: 30px; color: #91713c; font-weight: bold;\">Welcome to Our Vibrant Clubhouse<\/p>\n<p><\/h2>\n  \t\n\t\n\t\n\t\t\n\t\n<\/div>\n<div class=\"vc_empty_space\"   style=\"height: 55px\"><span class=\"vc_empty_space_inner\"><\/span><\/div>\n\n\n<div class=\"about-content wow fadeInUp\" >\n\t\t  <p data-start=\"105\" data-end=\"437\">At the heart of our community, the <strong>Clubhouse<\/strong> offers you a <strong>vibrant and comprehensive setting<\/strong> to meet all <strong>your needs<\/strong>. Relax by the <strong>pool<\/strong>, or let the children enjoy their <strong>own dedicated pool<\/strong>. Stroll through the <strong>community garden<\/strong> and let the little ones play <strong>safely<\/strong> in the designated play area.<\/p>\n<p data-start=\"439\" data-end=\"781\" data-is-last-node=\"\" data-is-only-node=\"\">Inside, <strong>wellness<\/strong> and <strong>entertainment<\/strong> : <strong>a squash court<\/strong>, <strong>ping-pong<\/strong>, <strong>yoga<\/strong>, <strong>gym<\/strong>... there\u2019s something for everyone. Looking for some quiet time? Settle in our library to read or <strong>find inspiration<\/strong>. And for your cravings, our <strong>caf\u00e9-restaurant<\/strong> welcomes you on-site or offers catering services for your <strong>special events.<\/strong>.<\/p>\n\t\n\t\n\t\n\t\n\t\t  <\/div>\n\n\t\t\n\n\n<div class=\"about-content\" >\n\t\t  \t\n\t\n\t\n\t\n\t\t  <\/div>\n\n\t\t<\/div><\/div><\/div><\/div> \n\n\n\n    \n      <div class=\"content-slider\" >\n        <div class=\"swiper-wrapper\">\n                              <div class=\"swiper-slide\" data-background=\"https:\/\/revecongo.com\/wp-content\/uploads\/2025\/05\/Content_Slider_Clubhouse.jpg\">\n\t\t\t \t\t\t <div class=\"slide-inner\">\n\t\t\t\t \t\t\t\t  \t\t\t\t \t\t\t\t    <\/div>\n\t\t\t  <!-- end slide-inner -->\n\t\t\t<\/div>\n          \n                                      <div class=\"swiper-slide\" data-background=\"https:\/\/revecongo.com\/wp-content\/uploads\/2025\/05\/Clubhouse-lifestyle-page.jpg\">\n\t\t\t \t\t\t <div class=\"slide-inner\">\n\t\t\t\t \t\t\t\t  \t\t\t\t \t\t\t\t    <\/div>\n\t\t\t  <!-- end slide-inner -->\n\t\t\t<\/div>\n          \n                                      <div class=\"swiper-slide\" data-background=\"https:\/\/revecongo.com\/wp-content\/uploads\/2025\/05\/Content_Slider_Clubhouse-2.jpg\">\n\t\t\t \t\t\t <div class=\"slide-inner\">\n\t\t\t\t \t\t\t\t  \t\t\t\t \t\t\t\t    <\/div>\n\t\t\t  <!-- end slide-inner -->\n\t\t\t<\/div>\n          \n                                      <div class=\"swiper-slide\" data-background=\"https:\/\/revecongo.com\/wp-content\/uploads\/2025\/05\/Clubhouse-lifestyle-Billards.jpg\">\n\t\t\t \t\t\t <div class=\"slide-inner\">\n\t\t\t\t \t\t\t\t  \t\t\t\t \t\t\t\t    <\/div>\n\t\t\t  <!-- end slide-inner -->\n\t\t\t<\/div>\n          \n                                      <div class=\"swiper-slide\" data-background=\"https:\/\/revecongo.com\/wp-content\/uploads\/2025\/05\/Content_Slider_Clubhouse-4.jpg\">\n\t\t\t \t\t\t <div class=\"slide-inner\">\n\t\t\t\t \t\t\t\t  \t\t\t\t \t\t\t\t    <\/div>\n\t\t\t  <!-- end slide-inner -->\n\t\t\t<\/div>\n          \n                                      <div class=\"swiper-slide\" data-background=\"https:\/\/revecongo.com\/wp-content\/uploads\/2025\/05\/Clubhouse-lifestyle-Run.jpg\">\n\t\t\t \t\t\t <div class=\"slide-inner\">\n\t\t\t\t \t\t\t\t  \t\t\t\t \t\t\t\t    <\/div>\n\t\t\t  <!-- end slide-inner -->\n\t\t\t<\/div>\n          \n                                      <div class=\"swiper-slide\" data-background=\"https:\/\/revecongo.com\/wp-content\/uploads\/2025\/05\/Clubhouse-lifestyle-Reception.jpg\">\n\t\t\t \t\t\t <div class=\"slide-inner\">\n\t\t\t\t \t\t\t\t  \t\t\t\t \t\t\t\t    <\/div>\n\t\t\t  <!-- end slide-inner -->\n\t\t\t<\/div>\n          \n                          <\/div>\n        <!-- end swiper-wrapper -->\n        <div class=\"swiper-button-prev\">Pr\u00e9c\u00e9dent<\/div>\n        <!-- end button-prev -->\n        <div class=\"swiper-button-next\">Suivant<\/div>\n        <!-- end button-next --> \n\t\t   <div class=\"swiper-pagination\"><\/div>\n\t\t  <!-- end swiper-pagination -->\n      <\/div>\n      <!-- end content-slider -->\n    \n\n\n\n\n\n\n\n\n<div class=\"vc_row wpb_row vc_inner vc_row-fluid vc_custom_1747751897535\"><div class=\"wpb_column vc_column_container vc_col-sm-4\"><div class=\"vc_column-inner\"><div class=\"wpb_wrapper\">\n<figure class=\"facilities-box\" >\n          \n          \n        \n\n    \t\t\n       \n            \n             \n                    <img decoding=\"async\" src=\"https:\/\/revecongo.com\/wp-content\/uploads\/2025\/05\/Icon_Clubhouse-page_resaturant.png\" alt=\"Icon_Clubhouse page_resaturant\">\n               \n\t\n\t<figcaption>\n    \t\t                        <h5>Restaurant<\/h5>\n                        \t\t                        <p>The restaurant is exclusive, reserved for residents and their guests<\/p>\n                        \t\t<\/figcaption>\n\t\t\t\t\t\n                \n      <\/figure>\n\n\t\t<\/div><\/div><\/div><div class=\"wpb_column vc_column_container vc_col-sm-4\"><div class=\"vc_column-inner\"><div class=\"wpb_wrapper\">\n<figure class=\"facilities-box\" >\n          \n          \n        \n\n    \t\t\n       \n            \n             \n                    <img decoding=\"async\" src=\"https:\/\/revecongo.com\/wp-content\/uploads\/2025\/05\/Icon_Clubhouse-page_Piscine-1.png\" alt=\"Icon_Clubhouse page_Piscine\">\n               \n\t\n\t<figcaption>\n    \t\t                        <h5>Pool<\/h5>\n                        \t\t                        <p>A peaceful place to swim or enjoy the sun in complete tranquility<\/p>\n                        \t\t<\/figcaption>\n\t\t\t\t\t\n                \n      <\/figure>\n\n\t\t<\/div><\/div><\/div><div class=\"wpb_column vc_column_container vc_col-sm-4\"><div class=\"vc_column-inner\"><div class=\"wpb_wrapper\">\n<figure class=\"facilities-box\" >\n          \n          \n        \n\n    \t\t\n       \n            \n             \n                    <img decoding=\"async\" src=\"https:\/\/revecongo.com\/wp-content\/uploads\/2025\/05\/Icon_Clubhouse-page_Gym.png\" alt=\"Icon_Clubhouse page_Gym\">\n               \n\t\n\t<figcaption>\n    \t\t                        <h5>Fitness room<\/h5>\n                        \t\t                        <p>Equipped for your daily workouts in a peaceful setting.<\/p>\n                        \t\t<\/figcaption>\n\t\t\t\t\t\n                \n      <\/figure>\n\n\t\t<\/div><\/div><\/div><\/div><div class=\"vc_row wpb_row vc_inner vc_row-fluid\"><div class=\"wpb_column vc_column_container vc_col-sm-4\"><div class=\"vc_column-inner\"><div class=\"wpb_wrapper\">\n<figure class=\"facilities-box\" >\n          \n          \n        \n\n    \t\t\n       \n            \n             \n                    <img decoding=\"async\" src=\"https:\/\/revecongo.com\/wp-content\/uploads\/2025\/05\/Icon_Clubhouse-page_Yoga.png\" alt=\"Icon_Clubhouse page_Yoga\">\n               \n\t\n\t<figcaption>\n    \t\t                        <h5>Yoga studio<\/h5>\n                        \t\t                        <p>A serene place to reconnect with the harmony of body and mind.<\/p>\n                        \t\t<\/figcaption>\n\t\t\t\t\t\n                \n      <\/figure>\n\n\t\t<\/div><\/div><\/div><div class=\"wpb_column vc_column_container vc_col-sm-4\"><div class=\"vc_column-inner\"><div class=\"wpb_wrapper\">\n<figure class=\"facilities-box\" >\n          \n          \n        \n\n    \t\t\n       \n            \n             \n                    <img decoding=\"async\" src=\"https:\/\/revecongo.com\/wp-content\/uploads\/2025\/05\/Icon_Clubhouse-page_Book.png\" alt=\"Icon_Clubhouse page_Book\">\n               \n\t\n\t<figcaption>\n    \t\t                        <h5>Knowledge room<\/h5>\n                        \t\t                        <p>A calm environment to think, create, and focus with full concentration<\/p>\n                        \t\t<\/figcaption>\n\t\t\t\t\t\n                \n      <\/figure>\n\n\t\t<\/div><\/div><\/div><div class=\"wpb_column vc_column_container vc_col-sm-4\"><div class=\"vc_column-inner\"><div class=\"wpb_wrapper\">\n<figure class=\"facilities-box\" >\n          \n          \n        \n\n    \t\t\n       \n            \n             \n                    <img decoding=\"async\" src=\"https:\/\/revecongo.com\/wp-content\/uploads\/2025\/05\/Icon_Clubhouse-page_Children.png\" alt=\"Icon_Clubhouse page_Children\">\n               \n\t\n\t<figcaption>\n    \t\t                        <h5>Children\u2019s Play Area<\/h5>\n                        \t\t                        <p>A safe and playful environment where children can enjoy themselves freely.<\/p>\n                        \t\t<\/figcaption>\n\t\t\t\t\t\n                \n      <\/figure>\n\n\t\t<\/div><\/div><\/div><\/div><\/div><\/div><\/div><\/div><\/div><\/section><section  class=\"content-section\" ><div class=\"container\"><div class=\"vc_row wpb_row vc_row-fluid vc_custom_1748861316402\"><div class=\"wpb_column vc_column_container vc_col-sm-12 vc_hidden-sm vc_hidden-xs vc_col-has-fill\"><div class=\"vc_column-inner vc_custom_1750236126965\"><div class=\"wpb_wrapper\">\n\n\n<div class=\"about-content\" >\n\t\t  <p><b>Personal Concierge Service<\/b><\/p>\n<p class=\"translation-block\">The Clubhouse also serves as a hub for all your service needs. Our dedicated team is available to assist you with <strong>household chores<\/strong> and <strong>maintenance services<\/strong>, ensuring that every aspect of your living experience is <strong>smooth<\/strong> and <strong>worry-free<\/strong>. Whether you need daily assistance or specialized support for any task related to your home, we\u2019re here to help you enjoy life <strong>without stressing<\/strong> over the details.<\/p>\n\t\n\t\n\t\n\t\n\t\t  <\/div>\n\n\t\t<\/div><\/div><\/div><\/div><\/div><\/section><section  class=\"content-section\" ><div class=\"container\"><div class=\"vc_row wpb_row vc_row-fluid vc_custom_1749824127994\"><div class=\"wpb_column vc_column_container vc_col-sm-12 vc_hidden-lg vc_hidden-md\"><div class=\"vc_column-inner\"><div class=\"wpb_wrapper\">\n\n\n<div class=\"about-content\" >\n\t\t  <p><b>Personal Concierge Service<\/b><\/p>\n<p class=\"translation-block\">The Clubhouse also serves as a hub for all your service needs. Our dedicated team is available to assist you with <strong>household chores<\/strong> and <strong>maintenance services<\/strong>, ensuring that every aspect of your living experience is <strong>smooth<\/strong> and <strong>worry-free<\/strong>. Whether you need daily assistance or specialized support for any task related to your home, we\u2019re here to help you enjoy life <strong>without stressing<\/strong> over the details.<\/p>\n\t\n\t\n\t\n\t\n\t\t  <\/div>\n\n\t\t<\/div><\/div><\/div><\/div><\/div><\/section><section  class=\"content-section\" ><div class=\"vc_row wpb_row vc_row-fluid\"><div class=\"wpb_column vc_column_container vc_col-sm-12\"><div class=\"vc_column-inner\"><div class=\"wpb_wrapper\"><\/div><\/div><\/div><\/div><\/section>\n<\/div>","protected":false},"excerpt":{"rendered":"Bienvenue dans notre Clubhouse dynamique Au c\u0153ur de notre communaut\u00e9, le Clubhouse vous offre un cadre vivant et complet pour r\u00e9pondre \u00e0 tous vos besoins. D\u00e9tendez-vous dans la piscine, ou laissez les enfants profiter de leur bassin d\u00e9di\u00e9. Promenez-vous dans le jardin communautaire et laissez les plus jeunes jouer en toute s\u00e9curit\u00e9 dans l\u2019aire pr\u00e9vue [...]","protected":false},"author":1,"featured_media":0,"parent":0,"menu_order":0,"comment_status":"closed","ping_status":"closed","template":"page-portfolio.php","meta":{"footnotes":""},"class_list":["post-463","page","type-page","status-publish","hentry"],"acf":[],"_links":{"self":[{"href":"https:\/\/revecongo.com\/en\/wp-json\/wp\/v2\/pages\/463","targetHints":{"allow":["GET"]}}],"collection":[{"href":"https:\/\/revecongo.com\/en\/wp-json\/wp\/v2\/pages"}],"about":[{"href":"https:\/\/revecongo.com\/en\/wp-json\/wp\/v2\/types\/page"}],"author":[{"embeddable":true,"href":"https:\/\/revecongo.com\/en\/wp-json\/wp\/v2\/users\/1"}],"replies":[{"embeddable":true,"href":"https:\/\/revecongo.com\/en\/wp-json\/wp\/v2\/comments?post=463"}],"version-history":[{"count":84,"href":"https:\/\/revecongo.com\/en\/wp-json\/wp\/v2\/pages\/463\/revisions"}],"predecessor-version":[{"id":1841,"href":"https:\/\/revecongo.com\/en\/wp-json\/wp\/v2\/pages\/463\/revisions\/1841"}],"wp:attachment":[{"href":"https:\/\/revecongo.com\/en\/wp-json\/wp\/v2\/media?parent=463"}],"curies":[{"name":"wp","href":"https:\/\/api.w.org\/{rel}","templated":true}]}}